{"id":10628,"date":"2019-10-15T01:11:29","date_gmt":"2019-10-14T23:11:29","guid":{"rendered":"https:\/\/www.lifestylehotels.net\/?page_id=10628"},"modified":"2022-03-10T12:38:55","modified_gmt":"2022-03-10T11:38:55","slug":"hotels","status":"publish","type":"page","link":"https:\/\/www.lifestylehotels.net\/de\/hotels\/","title":{"rendered":"Hotels"},"content":{"rendered":"\n<h1 class=\"wp-block-heading\">LIFESTYLEHOTELS &#8211; Designhotels &#8211; Boutiquehotels <\/h1>\n\n\n\n<p>lk+peaordzg+petjrojhg<\/p>\n","protected":false},"excerpt":{"rendered":"<p>LIFESTYLEHOTELS &#8211; Designhotels &#8211; Boutiquehotels lk+peaordzg+petjrojhg<\/p>\n","protected":false},"author":9,"featured_media":0,"parent":0,"menu_order":69,"comment_status":"closed","ping_status":"closed","template":"","meta":{"inline_featured_image":false,"footnotes":""},"acf":[],"yoast_head":"<!-- This site is optimized with the Yoast SEO plugin v21.9.1 - https:\/\/yoast.com\/wordpress\/plugins\/seo\/ -->\n<title>LIFESTYLEHOTELS Member Hotels - Hotels mit vision\u00e4ren Konzepten.<\/title>\n<meta name=\"description\" content=\"LIFESTYLEHOTELS Member Hotels sind handverlesene, au\u00dfergew\u00f6hnliche Hotels mit zeitgen\u00f6ssischem Design, ausgefallener Architektur und vision\u00e4ren Konzepten.\" \/>\n<meta name=\"robots\" content=\"index, follow, max-snippet:-1, max-image-preview:large, max-video-preview:-1\" \/>\n<link rel=\"canonical\" href=\"https:\/\/www.lifestylehotels.net\/de\/hotels\/\" \/>\n<meta property=\"og:locale\" content=\"de_DE\" \/>\n<meta property=\"og:type\" content=\"article\" \/>\n<meta property=\"og:title\" content=\"LIFESTYLEHOTELS Member Hotels - Hotels mit vision\u00e4ren Konzepten.\" \/>\n<meta property=\"og:description\" content=\"LIFESTYLEHOTELS Member Hotels sind handverlesene, au\u00dfergew\u00f6hnliche Hotels mit zeitgen\u00f6ssischem Design, ausgefallener Architektur und vision\u00e4ren Konzepten.\" \/>\n<meta property=\"og:url\" content=\"https:\/\/www.lifestylehotels.net\/de\/hotels\/\" \/>\n<meta property=\"og:site_name\" content=\"Lifestylehotels\u2122\" \/>\n<meta property=\"article:modified_time\" content=\"2022-03-10T11:38:55+00:00\" \/>\n<meta name=\"twitter:card\" content=\"summary_large_image\" \/>\n<meta name=\"twitter:label1\" content=\"Gesch\u00e4tzte Lesezeit\" \/>\n\t<meta name=\"twitter:data1\" content=\"1\u00a0Minute\" \/>\n<script type=\"application\/ld+json\" class=\"yoast-schema-graph\">{\"@context\":\"https:\/\/schema.org\",\"@graph\":[{\"@type\":\"WebPage\",\"@id\":\"https:\/\/www.lifestylehotels.net\/de\/hotels\/\",\"url\":\"https:\/\/www.lifestylehotels.net\/de\/hotels\/\",\"name\":\"LIFESTYLEHOTELS Member Hotels - Hotels mit vision\u00e4ren Konzepten.\",\"isPartOf\":{\"@id\":\"https:\/\/www.lifestylehotels.net\/de\/#website\"},\"datePublished\":\"2019-10-14T23:11:29+00:00\",\"dateModified\":\"2022-03-10T11:38:55+00:00\",\"description\":\"LIFESTYLEHOTELS Member Hotels sind handverlesene, au\u00dfergew\u00f6hnliche Hotels mit zeitgen\u00f6ssischem Design, ausgefallener Architektur und vision\u00e4ren Konzepten.\",\"breadcrumb\":{\"@id\":\"https:\/\/www.lifestylehotels.net\/de\/hotels\/#breadcrumb\"},\"inLanguage\":\"de\",\"potentialAction\":[{\"@type\":\"ReadAction\",\"target\":[\"https:\/\/www.lifestylehotels.net\/de\/hotels\/\"]}]},{\"@type\":\"BreadcrumbList\",\"@id\":\"https:\/\/www.lifestylehotels.net\/de\/hotels\/#breadcrumb\",\"itemListElement\":[{\"@type\":\"ListItem\",\"position\":1,\"name\":\"Startseite\",\"item\":\"https:\/\/www.lifestylehotels.net\/de\/\"},{\"@type\":\"ListItem\",\"position\":2,\"name\":\"Hotels\"}]},{\"@type\":\"WebSite\",\"@id\":\"https:\/\/www.lifestylehotels.net\/de\/#website\",\"url\":\"https:\/\/www.lifestylehotels.net\/de\/\",\"name\":\"Lifestylehotels\u2122\",\"description\":\"\",\"potentialAction\":[{\"@type\":\"SearchAction\",\"target\":{\"@type\":\"EntryPoint\",\"urlTemplate\":\"https:\/\/www.lifestylehotels.net\/de\/?s={search_term_string}\"},\"query-input\":\"required name=search_term_string\"}],\"inLanguage\":\"de\"}]}<\/script>\n<!-- \/ Yoast SEO plugin. -->","yoast_head_json":{"title":"LIFESTYLEHOTELS Member Hotels - Hotels mit vision\u00e4ren Konzepten.","description":"LIFESTYLEHOTELS Member Hotels sind handverlesene, au\u00dfergew\u00f6hnliche Hotels mit zeitgen\u00f6ssischem Design, ausgefallener Architektur und vision\u00e4ren Konzepten.","robots":{"index":"index","follow":"follow","max-snippet":"max-snippet:-1","max-image-preview":"max-image-preview:large","max-video-preview":"max-video-preview:-1"},"canonical":"https:\/\/www.lifestylehotels.net\/de\/hotels\/","og_locale":"de_DE","og_type":"article","og_title":"LIFESTYLEHOTELS Member Hotels - Hotels mit vision\u00e4ren Konzepten.","og_description":"LIFESTYLEHOTELS Member Hotels sind handverlesene, au\u00dfergew\u00f6hnliche Hotels mit zeitgen\u00f6ssischem Design, ausgefallener Architektur und vision\u00e4ren Konzepten.","og_url":"https:\/\/www.lifestylehotels.net\/de\/hotels\/","og_site_name":"Lifestylehotels\u2122","article_modified_time":"2022-03-10T11:38:55+00:00","twitter_card":"summary_large_image","twitter_misc":{"Gesch\u00e4tzte Lesezeit":"1\u00a0Minute"},"schema":{"@context":"https:\/\/schema.org","@graph":[{"@type":"WebPage","@id":"https:\/\/www.lifestylehotels.net\/de\/hotels\/","url":"https:\/\/www.lifestylehotels.net\/de\/hotels\/","name":"LIFESTYLEHOTELS Member Hotels - Hotels mit vision\u00e4ren Konzepten.","isPartOf":{"@id":"https:\/\/www.lifestylehotels.net\/de\/#website"},"datePublished":"2019-10-14T23:11:29+00:00","dateModified":"2022-03-10T11:38:55+00:00","description":"LIFESTYLEHOTELS Member Hotels sind handverlesene, au\u00dfergew\u00f6hnliche Hotels mit zeitgen\u00f6ssischem Design, ausgefallener Architektur und vision\u00e4ren Konzepten.","breadcrumb":{"@id":"https:\/\/www.lifestylehotels.net\/de\/hotels\/#breadcrumb"},"inLanguage":"de","potentialAction":[{"@type":"ReadAction","target":["https:\/\/www.lifestylehotels.net\/de\/hotels\/"]}]},{"@type":"BreadcrumbList","@id":"https:\/\/www.lifestylehotels.net\/de\/hotels\/#breadcrumb","itemListElement":[{"@type":"ListItem","position":1,"name":"Startseite","item":"https:\/\/www.lifestylehotels.net\/de\/"},{"@type":"ListItem","position":2,"name":"Hotels"}]},{"@type":"WebSite","@id":"https:\/\/www.lifestylehotels.net\/de\/#website","url":"https:\/\/www.lifestylehotels.net\/de\/","name":"Lifestylehotels\u2122","description":"","potentialAction":[{"@type":"SearchAction","target":{"@type":"EntryPoint","urlTemplate":"https:\/\/www.lifestylehotels.net\/de\/?s={search_term_string}"},"query-input":"required name=search_term_string"}],"inLanguage":"de"}]}},"jetpack_sharing_enabled":true,"_links":{"self":[{"href":"https:\/\/www.lifestylehotels.net\/de\/wp-json\/wp\/v2\/pages\/10628"}],"collection":[{"href":"https:\/\/www.lifestylehotels.net\/de\/wp-json\/wp\/v2\/pages"}],"about":[{"href":"https:\/\/www.lifestylehotels.net\/de\/wp-json\/wp\/v2\/types\/page"}],"author":[{"embeddable":true,"href":"https:\/\/www.lifestylehotels.net\/de\/wp-json\/wp\/v2\/users\/9"}],"replies":[{"embeddable":true,"href":"https:\/\/www.lifestylehotels.net\/de\/wp-json\/wp\/v2\/comments?post=10628"}],"version-history":[{"count":9,"href":"https:\/\/www.lifestylehotels.net\/de\/wp-json\/wp\/v2\/pages\/10628\/revisions"}],"predecessor-version":[{"id":87307,"href":"https:\/\/www.lifestylehotels.net\/de\/wp-json\/wp\/v2\/pages\/10628\/revisions\/87307"}],"wp:attachment":[{"href":"https:\/\/www.lifestylehotels.net\/de\/wp-json\/wp\/v2\/media?parent=10628"}],"curies":[{"name":"wp","href":"https:\/\/api.w.org\/{rel}","templated":true}]}}