{"id":127066,"date":"2022-10-24T14:51:38","date_gmt":"2022-10-24T12:51:38","guid":{"rendered":"https:\/\/www.lifestylehotels.net\/?page_id=127066"},"modified":"2023-01-17T10:58:06","modified_gmt":"2023-01-17T09:58:06","slug":"mexiko","status":"publish","type":"page","link":"https:\/\/www.lifestylehotels.net\/de\/mexiko\/","title":{"rendered":"Mexico"},"content":{"rendered":"\n<h1 class=\"wp-block-heading\">Mexico<\/h1>\n\n\n\n<p>Mexico liegt zwischen den USA und Mittelamerika und ist f\u00fcr seine Str\u00e4nde am Pazifik und dem Golf von Mexico und f\u00fcr seine kontrastreiche Landschaft mit Bergen, W\u00fcsten und Urw\u00e4ldern bekannt. Antike Ruinen wie Teotihuac\u00e1n und die Maya-Stadt Chich\u00e9n Itz\u00e1 sind hier ebenso zu finden wie St\u00e4dte aus der spanischen Kolonialzeit. In der Hauptstadt Mexico City gibt es elegante Gesch\u00e4fte, bekannte Museen und Gourmetrestaurants.<\/p>\n\n\n\n<p><\/p>\n","protected":false},"excerpt":{"rendered":"<p>Mexico Mexico liegt zwischen den USA und Mittelamerika und ist f\u00fcr seine Str\u00e4nde am Pazifik und dem Golf von Mexico und f\u00fcr seine kontrastreiche Landschaft mit Bergen, W\u00fcsten und Urw\u00e4ldern bekannt. Antike Ruinen wie Teotihuac\u00e1n und die Maya-Stadt Chich\u00e9n Itz\u00e1 sind hier ebenso zu finden wie St\u00e4dte aus der spanischen Kolonialzeit. In der Hauptstadt Mexico [&hellip;]<\/p>\n","protected":false},"author":4,"featured_media":127074,"parent":0,"menu_order":0,"comment_status":"closed","ping_status":"closed","template":"templatedestination.php","meta":{"inline_featured_image":false,"footnotes":""},"acf":[],"yoast_head":"<!-- This site is optimized with the Yoast SEO plugin v21.9.1 - https:\/\/yoast.com\/wordpress\/plugins\/seo\/ -->\n<title>Mexico - Lifestylehotels\u2122<\/title>\n<meta name=\"description\" content=\"Mexico liegt zwischen den USA und Mittelamerika und ist f\u00fcr seine Str\u00e4nde am Pazifik und dem Golf von Mexico und ...\" \/>\n<meta name=\"robots\" content=\"index, follow, max-snippet:-1, max-image-preview:large, max-video-preview:-1\" \/>\n<link rel=\"canonical\" href=\"https:\/\/www.lifestylehotels.net\/de\/mexiko\/\" \/>\n<meta property=\"og:locale\" content=\"de_DE\" \/>\n<meta property=\"og:type\" content=\"article\" \/>\n<meta property=\"og:title\" content=\"Mexico - Lifestylehotels\u2122\" \/>\n<meta property=\"og:description\" content=\"Mexico liegt zwischen den USA und Mittelamerika und ist f\u00fcr seine Str\u00e4nde am Pazifik und dem Golf von Mexico und ...\" \/>\n<meta property=\"og:url\" content=\"https:\/\/www.lifestylehotels.net\/de\/mexiko\/\" \/>\n<meta property=\"og:site_name\" content=\"Lifestylehotels\u2122\" \/>\n<meta property=\"article:modified_time\" content=\"2023-01-17T09:58:06+00:00\" \/>\n<meta property=\"og:image\" content=\"https:\/\/www.lifestylehotels.net\/wp-content\/uploads\/2022\/10\/Hotel-Coverimage-Master-1.png\" \/>\n\t<meta property=\"og:image:width\" content=\"1040\" \/>\n\t<meta property=\"og:image:height\" content=\"1388\" \/>\n\t<meta property=\"og:image:type\" content=\"image\/png\" \/>\n<meta name=\"twitter:card\" content=\"summary_large_image\" \/>\n<meta name=\"twitter:label1\" content=\"Gesch\u00e4tzte Lesezeit\" \/>\n\t<meta name=\"twitter:data1\" content=\"1\u00a0Minute\" \/>\n<script type=\"application\/ld+json\" class=\"yoast-schema-graph\">{\"@context\":\"https:\/\/schema.org\",\"@graph\":[{\"@type\":\"WebPage\",\"@id\":\"https:\/\/www.lifestylehotels.net\/de\/mexiko\/\",\"url\":\"https:\/\/www.lifestylehotels.net\/de\/mexiko\/\",\"name\":\"Mexico - Lifestylehotels\u2122\",\"isPartOf\":{\"@id\":\"https:\/\/www.lifestylehotels.net\/de\/#website\"},\"datePublished\":\"2022-10-24T12:51:38+00:00\",\"dateModified\":\"2023-01-17T09:58:06+00:00\",\"description\":\"Mexico liegt zwischen den USA und Mittelamerika und ist f\u00fcr seine Str\u00e4nde am Pazifik und dem Golf von Mexico und ...\",\"breadcrumb\":{\"@id\":\"https:\/\/www.lifestylehotels.net\/de\/mexiko\/#breadcrumb\"},\"inLanguage\":\"de\",\"potentialAction\":[{\"@type\":\"ReadAction\",\"target\":[\"https:\/\/www.lifestylehotels.net\/de\/mexiko\/\"]}]},{\"@type\":\"BreadcrumbList\",\"@id\":\"https:\/\/www.lifestylehotels.net\/de\/mexiko\/#breadcrumb\",\"itemListElement\":[{\"@type\":\"ListItem\",\"position\":1,\"name\":\"Startseite\",\"item\":\"https:\/\/www.lifestylehotels.net\/de\/\"},{\"@type\":\"ListItem\",\"position\":2,\"name\":\"Mexico\"}]},{\"@type\":\"WebSite\",\"@id\":\"https:\/\/www.lifestylehotels.net\/de\/#website\",\"url\":\"https:\/\/www.lifestylehotels.net\/de\/\",\"name\":\"Lifestylehotels\u2122\",\"description\":\"\",\"potentialAction\":[{\"@type\":\"SearchAction\",\"target\":{\"@type\":\"EntryPoint\",\"urlTemplate\":\"https:\/\/www.lifestylehotels.net\/de\/?s={search_term_string}\"},\"query-input\":\"required name=search_term_string\"}],\"inLanguage\":\"de\"}]}<\/script>\n<!-- \/ Yoast SEO plugin. -->","yoast_head_json":{"title":"Mexico - Lifestylehotels\u2122","description":"Mexico liegt zwischen den USA und Mittelamerika und ist f\u00fcr seine Str\u00e4nde am Pazifik und dem Golf von Mexico und ...","robots":{"index":"index","follow":"follow","max-snippet":"max-snippet:-1","max-image-preview":"max-image-preview:large","max-video-preview":"max-video-preview:-1"},"canonical":"https:\/\/www.lifestylehotels.net\/de\/mexiko\/","og_locale":"de_DE","og_type":"article","og_title":"Mexico - Lifestylehotels\u2122","og_description":"Mexico liegt zwischen den USA und Mittelamerika und ist f\u00fcr seine Str\u00e4nde am Pazifik und dem Golf von Mexico und ...","og_url":"https:\/\/www.lifestylehotels.net\/de\/mexiko\/","og_site_name":"Lifestylehotels\u2122","article_modified_time":"2023-01-17T09:58:06+00:00","og_image":[{"width":1040,"height":1388,"url":"https:\/\/www.lifestylehotels.net\/wp-content\/uploads\/2022\/10\/Hotel-Coverimage-Master-1.png","type":"image\/png"}],"twitter_card":"summary_large_image","twitter_misc":{"Gesch\u00e4tzte Lesezeit":"1\u00a0Minute"},"schema":{"@context":"https:\/\/schema.org","@graph":[{"@type":"WebPage","@id":"https:\/\/www.lifestylehotels.net\/de\/mexiko\/","url":"https:\/\/www.lifestylehotels.net\/de\/mexiko\/","name":"Mexico - Lifestylehotels\u2122","isPartOf":{"@id":"https:\/\/www.lifestylehotels.net\/de\/#website"},"datePublished":"2022-10-24T12:51:38+00:00","dateModified":"2023-01-17T09:58:06+00:00","description":"Mexico liegt zwischen den USA und Mittelamerika und ist f\u00fcr seine Str\u00e4nde am Pazifik und dem Golf von Mexico und ...","breadcrumb":{"@id":"https:\/\/www.lifestylehotels.net\/de\/mexiko\/#breadcrumb"},"inLanguage":"de","potentialAction":[{"@type":"ReadAction","target":["https:\/\/www.lifestylehotels.net\/de\/mexiko\/"]}]},{"@type":"BreadcrumbList","@id":"https:\/\/www.lifestylehotels.net\/de\/mexiko\/#breadcrumb","itemListElement":[{"@type":"ListItem","position":1,"name":"Startseite","item":"https:\/\/www.lifestylehotels.net\/de\/"},{"@type":"ListItem","position":2,"name":"Mexico"}]},{"@type":"WebSite","@id":"https:\/\/www.lifestylehotels.net\/de\/#website","url":"https:\/\/www.lifestylehotels.net\/de\/","name":"Lifestylehotels\u2122","description":"","potentialAction":[{"@type":"SearchAction","target":{"@type":"EntryPoint","urlTemplate":"https:\/\/www.lifestylehotels.net\/de\/?s={search_term_string}"},"query-input":"required name=search_term_string"}],"inLanguage":"de"}]}},"jetpack_sharing_enabled":true,"_links":{"self":[{"href":"https:\/\/www.lifestylehotels.net\/de\/wp-json\/wp\/v2\/pages\/127066"}],"collection":[{"href":"https:\/\/www.lifestylehotels.net\/de\/wp-json\/wp\/v2\/pages"}],"about":[{"href":"https:\/\/www.lifestylehotels.net\/de\/wp-json\/wp\/v2\/types\/page"}],"author":[{"embeddable":true,"href":"https:\/\/www.lifestylehotels.net\/de\/wp-json\/wp\/v2\/users\/4"}],"replies":[{"embeddable":true,"href":"https:\/\/www.lifestylehotels.net\/de\/wp-json\/wp\/v2\/comments?post=127066"}],"version-history":[{"count":5,"href":"https:\/\/www.lifestylehotels.net\/de\/wp-json\/wp\/v2\/pages\/127066\/revisions"}],"predecessor-version":[{"id":128126,"href":"https:\/\/www.lifestylehotels.net\/de\/wp-json\/wp\/v2\/pages\/127066\/revisions\/128126"}],"wp:featuredmedia":[{"embeddable":true,"href":"https:\/\/www.lifestylehotels.net\/de\/wp-json\/wp\/v2\/media\/127074"}],"wp:attachment":[{"href":"https:\/\/www.lifestylehotels.net\/de\/wp-json\/wp\/v2\/media?parent=127066"}],"curies":[{"name":"wp","href":"https:\/\/api.w.org\/{rel}","templated":true}]}}