{"id":33,"date":"2019-09-28T01:09:26","date_gmt":"2019-09-27T23:09:26","guid":{"rendered":"https:\/\/www.lifestylehotels.net\/?page_id=33"},"modified":"2022-03-17T00:55:23","modified_gmt":"2022-03-16T23:55:23","slug":"mission-statement","status":"publish","type":"page","link":"https:\/\/www.lifestylehotels.net\/de\/mission-statement\/","title":{"rendered":"Mission Statement"},"content":{"rendered":"\n<h1 class=\"wp-block-heading\">Mission Statement<\/h1>\n\n\n\n<p class=\"has-medium-font-size\"><strong>Stylish retreats for inspiring timeouts<\/strong><\/p>\n\n\n\n<p>Seit 2001 sind wir auf der Suche nach dem Neuen, dem \u00c4sthetischen, dem Inspirierenden. Auf der Suche nach Pl\u00e4tzen, Erlebnissen und Menschen, die unseren Horizont erweitern, unsere Sinne ansprechen und unsere Gedanken befl\u00fcgeln.<br><br>Wenn wir f\u00fcndig werden, dann kommen wir zur Ruhe. Dann haben wir eines der Hotels entdeckt, das wir ihnen als Lifestylehotel vorstellen m\u00f6chten.<br><br>Farm-To-Table Konzepte, die Unterst\u00fctzung lokaler K\u00fcnstler, ein besonders Ressourcen schonender Betrieb und Umgang des Hotels, oder das meditative Erleben von Natur sind nur einige Beispiele f\u00fcr die Innovationen unserer Member-Hotels. Der Anspruch an \u00c4sthetik und Qualit\u00e4t sind die grundlegenden Bausteine der Vision.&nbsp;<br><br>Hinter all dem stehen Ideen und vor allem Menschen \u2013 unsere Hoteliers \u2013 &nbsp;die mit ihrem ehrlichen Bem\u00fchen etwas Einzigartiges schaffen. Wir wollen ihre Vision verstehen, um ihre Geschichten weiter zu erz\u00e4hlen.<br><br>Irgendwann begeben wir uns dann wieder auf die Suche, strecken unsere F\u00fchler aus und aktivieren unsere Sensoren, denn immer wieder entsteht Neues und Bestehendes ver\u00e4ndert sich.<\/p>\n\n\n\n<blockquote class=\"wp-block-quote has-text-align-right\"><p><em>\u201e<strong>Die einzige Konstante im Leben ist die Ver\u00e4nderung\u201c<\/strong><\/em><\/p><cite> <em>Heraklit<\/em> <\/cite><\/blockquote>\n","protected":false},"excerpt":{"rendered":"<p>Mission Statement Stylish retreats for inspiring timeouts Seit 2001 sind wir auf der Suche nach dem Neuen, dem \u00c4sthetischen, dem Inspirierenden. Auf der Suche nach Pl\u00e4tzen, Erlebnissen und Menschen, die unseren Horizont erweitern, unsere Sinne ansprechen und unsere Gedanken befl\u00fcgeln. Wenn wir f\u00fcndig werden, dann kommen wir zur Ruhe. Dann haben wir eines der Hotels [&hellip;]<\/p>\n","protected":false},"author":9,"featured_media":0,"parent":0,"menu_order":77,"comment_status":"closed","ping_status":"closed","template":"","meta":{"inline_featured_image":false,"footnotes":""},"acf":[],"yoast_head":"<!-- This site is optimized with the Yoast SEO plugin v21.9.1 - https:\/\/yoast.com\/wordpress\/plugins\/seo\/ -->\n<title>Mission Statement: Hotelkonzepte, die begeistern &amp; inspirieren - Lifestylehotels\u2122<\/title>\n<meta name=\"description\" content=\"LIFESTYLEHOTELS vereint eine handverlesene Auswahl an Hotels. Sie alle zeichnen sich durch Hotelkonzepte aus, die uns begeistern und \u00fcberzeugen.\" \/>\n<meta name=\"robots\" content=\"index, follow, max-snippet:-1, max-image-preview:large, max-video-preview:-1\" \/>\n<link rel=\"canonical\" href=\"https:\/\/www.lifestylehotels.net\/de\/mission-statement\/\" \/>\n<meta property=\"og:locale\" content=\"de_DE\" \/>\n<meta property=\"og:type\" content=\"article\" \/>\n<meta property=\"og:title\" content=\"Mission Statement: Hotelkonzepte, die begeistern &amp; inspirieren - Lifestylehotels\u2122\" \/>\n<meta property=\"og:description\" content=\"LIFESTYLEHOTELS vereint eine handverlesene Auswahl an Hotels. Sie alle zeichnen sich durch Hotelkonzepte aus, die uns begeistern und \u00fcberzeugen.\" \/>\n<meta property=\"og:url\" content=\"https:\/\/www.lifestylehotels.net\/de\/mission-statement\/\" \/>\n<meta property=\"og:site_name\" content=\"Lifestylehotels\u2122\" \/>\n<meta property=\"article:modified_time\" content=\"2022-03-16T23:55:23+00:00\" \/>\n<meta name=\"twitter:card\" content=\"summary_large_image\" \/>\n<meta name=\"twitter:label1\" content=\"Gesch\u00e4tzte Lesezeit\" \/>\n\t<meta name=\"twitter:data1\" content=\"1\u00a0Minute\" \/>\n<script type=\"application\/ld+json\" class=\"yoast-schema-graph\">{\"@context\":\"https:\/\/schema.org\",\"@graph\":[{\"@type\":\"WebPage\",\"@id\":\"https:\/\/www.lifestylehotels.net\/de\/mission-statement\/\",\"url\":\"https:\/\/www.lifestylehotels.net\/de\/mission-statement\/\",\"name\":\"Mission Statement: Hotelkonzepte, die begeistern & inspirieren - Lifestylehotels\u2122\",\"isPartOf\":{\"@id\":\"https:\/\/www.lifestylehotels.net\/de\/#website\"},\"datePublished\":\"2019-09-27T23:09:26+00:00\",\"dateModified\":\"2022-03-16T23:55:23+00:00\",\"description\":\"LIFESTYLEHOTELS vereint eine handverlesene Auswahl an Hotels. Sie alle zeichnen sich durch Hotelkonzepte aus, die uns begeistern und \u00fcberzeugen.\",\"breadcrumb\":{\"@id\":\"https:\/\/www.lifestylehotels.net\/de\/mission-statement\/#breadcrumb\"},\"inLanguage\":\"de\",\"potentialAction\":[{\"@type\":\"ReadAction\",\"target\":[\"https:\/\/www.lifestylehotels.net\/de\/mission-statement\/\"]}]},{\"@type\":\"BreadcrumbList\",\"@id\":\"https:\/\/www.lifestylehotels.net\/de\/mission-statement\/#breadcrumb\",\"itemListElement\":[{\"@type\":\"ListItem\",\"position\":1,\"name\":\"Startseite\",\"item\":\"https:\/\/www.lifestylehotels.net\/de\/\"},{\"@type\":\"ListItem\",\"position\":2,\"name\":\"Mission Statement\"}]},{\"@type\":\"WebSite\",\"@id\":\"https:\/\/www.lifestylehotels.net\/de\/#website\",\"url\":\"https:\/\/www.lifestylehotels.net\/de\/\",\"name\":\"Lifestylehotels\u2122\",\"description\":\"\",\"potentialAction\":[{\"@type\":\"SearchAction\",\"target\":{\"@type\":\"EntryPoint\",\"urlTemplate\":\"https:\/\/www.lifestylehotels.net\/de\/?s={search_term_string}\"},\"query-input\":\"required name=search_term_string\"}],\"inLanguage\":\"de\"}]}<\/script>\n<!-- \/ Yoast SEO plugin. -->","yoast_head_json":{"title":"Mission Statement: Hotelkonzepte, die begeistern & inspirieren - Lifestylehotels\u2122","description":"LIFESTYLEHOTELS vereint eine handverlesene Auswahl an Hotels. Sie alle zeichnen sich durch Hotelkonzepte aus, die uns begeistern und \u00fcberzeugen.","robots":{"index":"index","follow":"follow","max-snippet":"max-snippet:-1","max-image-preview":"max-image-preview:large","max-video-preview":"max-video-preview:-1"},"canonical":"https:\/\/www.lifestylehotels.net\/de\/mission-statement\/","og_locale":"de_DE","og_type":"article","og_title":"Mission Statement: Hotelkonzepte, die begeistern & inspirieren - Lifestylehotels\u2122","og_description":"LIFESTYLEHOTELS vereint eine handverlesene Auswahl an Hotels. Sie alle zeichnen sich durch Hotelkonzepte aus, die uns begeistern und \u00fcberzeugen.","og_url":"https:\/\/www.lifestylehotels.net\/de\/mission-statement\/","og_site_name":"Lifestylehotels\u2122","article_modified_time":"2022-03-16T23:55:23+00:00","twitter_card":"summary_large_image","twitter_misc":{"Gesch\u00e4tzte Lesezeit":"1\u00a0Minute"},"schema":{"@context":"https:\/\/schema.org","@graph":[{"@type":"WebPage","@id":"https:\/\/www.lifestylehotels.net\/de\/mission-statement\/","url":"https:\/\/www.lifestylehotels.net\/de\/mission-statement\/","name":"Mission Statement: Hotelkonzepte, die begeistern & inspirieren - Lifestylehotels\u2122","isPartOf":{"@id":"https:\/\/www.lifestylehotels.net\/de\/#website"},"datePublished":"2019-09-27T23:09:26+00:00","dateModified":"2022-03-16T23:55:23+00:00","description":"LIFESTYLEHOTELS vereint eine handverlesene Auswahl an Hotels. Sie alle zeichnen sich durch Hotelkonzepte aus, die uns begeistern und \u00fcberzeugen.","breadcrumb":{"@id":"https:\/\/www.lifestylehotels.net\/de\/mission-statement\/#breadcrumb"},"inLanguage":"de","potentialAction":[{"@type":"ReadAction","target":["https:\/\/www.lifestylehotels.net\/de\/mission-statement\/"]}]},{"@type":"BreadcrumbList","@id":"https:\/\/www.lifestylehotels.net\/de\/mission-statement\/#breadcrumb","itemListElement":[{"@type":"ListItem","position":1,"name":"Startseite","item":"https:\/\/www.lifestylehotels.net\/de\/"},{"@type":"ListItem","position":2,"name":"Mission Statement"}]},{"@type":"WebSite","@id":"https:\/\/www.lifestylehotels.net\/de\/#website","url":"https:\/\/www.lifestylehotels.net\/de\/","name":"Lifestylehotels\u2122","description":"","potentialAction":[{"@type":"SearchAction","target":{"@type":"EntryPoint","urlTemplate":"https:\/\/www.lifestylehotels.net\/de\/?s={search_term_string}"},"query-input":"required name=search_term_string"}],"inLanguage":"de"}]}},"jetpack_sharing_enabled":true,"_links":{"self":[{"href":"https:\/\/www.lifestylehotels.net\/de\/wp-json\/wp\/v2\/pages\/33"}],"collection":[{"href":"https:\/\/www.lifestylehotels.net\/de\/wp-json\/wp\/v2\/pages"}],"about":[{"href":"https:\/\/www.lifestylehotels.net\/de\/wp-json\/wp\/v2\/types\/page"}],"author":[{"embeddable":true,"href":"https:\/\/www.lifestylehotels.net\/de\/wp-json\/wp\/v2\/users\/9"}],"replies":[{"embeddable":true,"href":"https:\/\/www.lifestylehotels.net\/de\/wp-json\/wp\/v2\/comments?post=33"}],"version-history":[{"count":106,"href":"https:\/\/www.lifestylehotels.net\/de\/wp-json\/wp\/v2\/pages\/33\/revisions"}],"predecessor-version":[{"id":89149,"href":"https:\/\/www.lifestylehotels.net\/de\/wp-json\/wp\/v2\/pages\/33\/revisions\/89149"}],"wp:attachment":[{"href":"https:\/\/www.lifestylehotels.net\/de\/wp-json\/wp\/v2\/media?parent=33"}],"curies":[{"name":"wp","href":"https:\/\/api.w.org\/{rel}","templated":true}]}}