{"id":33480,"date":"2019-12-05T22:44:49","date_gmt":"2019-12-05T21:44:49","guid":{"rendered":"https:\/\/www.lifestylehotels.net\/?page_id=33480"},"modified":"2022-03-11T11:10:37","modified_gmt":"2022-03-11T10:10:37","slug":"interview-thomas","status":"publish","type":"page","link":"https:\/\/www.lifestylehotels.net\/de\/interview-thomas\/","title":{"rendered":"Thomas Holzleithner im Gespr\u00e4ch"},"content":{"rendered":"\n<h2 class=\"wp-block-heading\">Thomas Holzleithner im Gespr\u00e4ch<\/h2>\n\n\n\n<p style=\"font-size:18px\"><strong>\u2014 Die Leidenschaft f\u00fcrs Reisen<\/strong><\/p>\n\n\n\n<p>\u201e<em>Meine Gro\u00dfmutter hat die Leidenschaft f\u00fcrs Reisen bei mir geweckt. In den 20er und 30er Jahren lebte sie im damals hippen Amsterdam und arbeitet f\u00fcr einen Gro\u00dfindustriellen, der Tabakplantagen in S\u00fcdamerika besa\u00df. Ich habe als Kind ihre Geschichten aufgesogen. Es taten sich Bilderwelten von fernen L\u00e4ndern, von rauschenden Festen, von  sch\u00f6nen Menschen und eleganten Kleidern auf. Auf diese inneren Bilder gr\u00fcndet meine Neugier f\u00fcr fremde L\u00e4nder und andere Gesellschaften<\/em><strong>\u201c<\/strong>.<\/p>\n\n\n\n<p style=\"font-size:18px\"> <strong>\u2014<\/strong> <strong>Nach der Matura genoss er zwei Jahre lang das Leben in Paris und S\u00fcdfrankreich. Mit 21 Jahren folgte der direkte Berufseinstieg in ein kleines, neu gegr\u00fcndetes Reiseb\u00fcro. Dann ging alles Schlag auf Schlag. In den 11 Jahren, die Thomas Holzleithner f\u00fcr das Unternehmen t\u00e4tig war, wuchs man zu einem der gr\u00f6\u00dften privaten Reiseunternehmen in \u00d6sterreich. Er baute ein Filialnetz von Wien bis Innsbruck auf, entwickelte ein Franchise-Konzept und konnte 40 Franchise-B\u00fcros gewinnen und baute eines der ersten Reiseb\u00fcro-Callcenter in \u00d6sterreich auf. Schlie\u00dflich stieg das Unternehmen auch in die Reiseveranstalter-Branche ein und war ein echter Pionier in der All-Inklusiv-Hotellerie.<\/strong><\/p>\n\n\n\n<p>\u201e<em>Es war eine extrem spannende Zeit. Ich habe die komplette Entwicklung des Unternehmens miterlebt und auch federf\u00fchrend geleitet und so ziemlich alles gemacht, was man in der Reisebranche so machen kann\u201c<\/em>.<\/p>\n\n\n\n<p style=\"font-size:18px\"><strong>\u2014 Mit 31 Jahren wollte er etwas wirklich Neues und vor allem etwas Eigenes machen. <\/strong><\/p>\n\n\n\n<p>\u201e<em>Ich entschied mich bewusst daf\u00fcr, in die komplett andere Richtung zu gehen als die gesamte damalige Reisebranche. Weg vom Massentourismus, weg von den All-Inklusiv Angeboten und hin zu ganz individuellen Reisedienstleistungen und au\u00dfergew\u00f6hnlichen Hotels.<\/em> <em>Der Grundgedanke hinter Lifestylehotels war der Wunsch, au\u00dfergew\u00f6hnliche Hotels auch au\u00dfergew\u00f6hnlich darzustellen, ihre jeweilige Geschichte zu erz\u00e4hlen und sie so an die richtige Zielgruppe zu bringen<\/em>&#8222;.<\/p>\n\n\n\n<p style=\"font-size:18px\"><strong>\u2014 Der Zeitpunkt war perfekt, Anfang der 2000er Jahre kamen die ersten Design Hotels auf. In \u00d6sterreich, aber auch international, nahm man mit Lifestylehotels eine Pionierstellung ein. Einzig <strong>Design Hotels<sup>TM<\/sup><\/strong>, die unbestrittenen Vorreiter in diesem Bereich, erm\u00f6glichten so etwas wie Orientierung. <\/strong><\/p>\n\n\n\n<p>\u201e<em>Uns war es aber immer wichtig, unseren eigenen Weg zu gestalten und unser Ziel nicht aus den Augen zu verlieren<\/em>\u201c.<\/p>\n\n\n\n<p style=\"font-size:18px\"><strong>\u2014 Die Auswahl eines Hotels, das in die Riege der Lifestylehotels aufgenommen wird, ist immer noch eine Bauchentscheidung.<\/strong><\/p>\n\n\n\n<p>\u201e<em>Letztlich muss uns das Hotel gefallen. Nat\u00fcrlich gibt es Kriterien, die erf\u00fcllt werden m\u00fcssen. Ganz wesentlich ist das Konzept, das hinter dem Hotel steht. Das muss einzigartig sein und in gewisser Weise den Zeitgeist wiederspiegeln<strong>.<\/strong> Das Sch\u00f6nste f\u00fcr uns ist, wenn ein Gastgeber eine wirkliche Vision hat. Und wenn er diese mit viel Gesp\u00fcr f\u00fcr Design, \u00c4sthetik und dem, was Menschen in einem Hotel brauchen, umsetzt. Dann haben wir in Wahrheit das perfekte Hotel und den perfekten Hotelier gefunden<\/em>&#8222;. <\/p>\n\n\n\n<p style=\"font-size:18px\"><strong>\u2014 Ihm pers\u00f6nlich ist es auf Reisen besonders wichtig, etwas Neues mitnehmen zu k\u00f6nnen.<\/strong><\/p>\n\n\n\n<p>\u201e<em>Das k\u00f6nnen unterschiedlichste Dinge sein: Wie das Essen angerichtet ist, die Einrichtung oder das Design des Hotels, das Besteck. Ich will einen Eindruck mitnehmen, der etwas Positives bei mir hinterl\u00e4sst. Etwas, das ich davor so noch nicht kannte. Ganz pers\u00f6nlich wichtig ist f\u00fcr mich, dass ein Hotel spannend ist. Der Gastgeber muss sich etwas trauen und etwas bieten, dass es so noch nicht gibt<\/em>\u201c.<\/p>\n","protected":false},"excerpt":{"rendered":"<p>Thomas Holzleithner im Gespr\u00e4ch \u2014 Die Leidenschaft f\u00fcrs Reisen \u201eMeine Gro\u00dfmutter hat die Leidenschaft f\u00fcrs Reisen bei mir geweckt. In den 20er und 30er Jahren lebte sie im damals hippen Amsterdam und arbeitet f\u00fcr einen Gro\u00dfindustriellen, der Tabakplantagen in S\u00fcdamerika besa\u00df. Ich habe als Kind ihre Geschichten aufgesogen. Es taten sich Bilderwelten von fernen L\u00e4ndern, [&hellip;]<\/p>\n","protected":false},"author":9,"featured_media":0,"parent":0,"menu_order":56,"comment_status":"closed","ping_status":"closed","template":"","meta":{"inline_featured_image":false,"footnotes":""},"acf":[],"yoast_head":"<!-- This site is optimized with the Yoast SEO plugin v21.9.1 - https:\/\/yoast.com\/wordpress\/plugins\/seo\/ -->\n<title>Thomas Holzleithner im Gespr\u00e4ch - Lifestylehotels\u2122<\/title>\n<meta name=\"description\" content=\"Thomas Holzleithner, einer der CEOs der Lifestylehotels, \u00fcber seine Leidenschaft und Inspiration zum Thema Reisen.\" \/>\n<meta name=\"robots\" content=\"index, follow, max-snippet:-1, max-image-preview:large, max-video-preview:-1\" \/>\n<link rel=\"canonical\" href=\"https:\/\/www.lifestylehotels.net\/de\/interview-thomas\/\" \/>\n<meta property=\"og:locale\" content=\"de_DE\" \/>\n<meta property=\"og:type\" content=\"article\" \/>\n<meta property=\"og:title\" content=\"Thomas Holzleithner im Gespr\u00e4ch - Lifestylehotels\u2122\" \/>\n<meta property=\"og:description\" content=\"Thomas Holzleithner, einer der CEOs der Lifestylehotels, \u00fcber seine Leidenschaft und Inspiration zum Thema Reisen.\" \/>\n<meta property=\"og:url\" content=\"https:\/\/www.lifestylehotels.net\/de\/interview-thomas\/\" \/>\n<meta property=\"og:site_name\" content=\"Lifestylehotels\u2122\" \/>\n<meta property=\"article:modified_time\" content=\"2022-03-11T10:10:37+00:00\" \/>\n<meta name=\"twitter:card\" content=\"summary_large_image\" \/>\n<meta name=\"twitter:label1\" content=\"Gesch\u00e4tzte Lesezeit\" \/>\n\t<meta name=\"twitter:data1\" content=\"3\u00a0Minuten\" \/>\n<script type=\"application\/ld+json\" class=\"yoast-schema-graph\">{\"@context\":\"https:\/\/schema.org\",\"@graph\":[{\"@type\":\"WebPage\",\"@id\":\"https:\/\/www.lifestylehotels.net\/de\/interview-thomas\/\",\"url\":\"https:\/\/www.lifestylehotels.net\/de\/interview-thomas\/\",\"name\":\"Thomas Holzleithner im Gespr\u00e4ch - Lifestylehotels\u2122\",\"isPartOf\":{\"@id\":\"https:\/\/www.lifestylehotels.net\/de\/#website\"},\"datePublished\":\"2019-12-05T21:44:49+00:00\",\"dateModified\":\"2022-03-11T10:10:37+00:00\",\"description\":\"Thomas Holzleithner, einer der CEOs der Lifestylehotels, \u00fcber seine Leidenschaft und Inspiration zum Thema Reisen.\",\"breadcrumb\":{\"@id\":\"https:\/\/www.lifestylehotels.net\/de\/interview-thomas\/#breadcrumb\"},\"inLanguage\":\"de\",\"potentialAction\":[{\"@type\":\"ReadAction\",\"target\":[\"https:\/\/www.lifestylehotels.net\/de\/interview-thomas\/\"]}]},{\"@type\":\"BreadcrumbList\",\"@id\":\"https:\/\/www.lifestylehotels.net\/de\/interview-thomas\/#breadcrumb\",\"itemListElement\":[{\"@type\":\"ListItem\",\"position\":1,\"name\":\"Startseite\",\"item\":\"https:\/\/www.lifestylehotels.net\/de\/\"},{\"@type\":\"ListItem\",\"position\":2,\"name\":\"Thomas Holzleithner im Gespr\u00e4ch\"}]},{\"@type\":\"WebSite\",\"@id\":\"https:\/\/www.lifestylehotels.net\/de\/#website\",\"url\":\"https:\/\/www.lifestylehotels.net\/de\/\",\"name\":\"Lifestylehotels\u2122\",\"description\":\"\",\"potentialAction\":[{\"@type\":\"SearchAction\",\"target\":{\"@type\":\"EntryPoint\",\"urlTemplate\":\"https:\/\/www.lifestylehotels.net\/de\/?s={search_term_string}\"},\"query-input\":\"required name=search_term_string\"}],\"inLanguage\":\"de\"}]}<\/script>\n<!-- \/ Yoast SEO plugin. -->","yoast_head_json":{"title":"Thomas Holzleithner im Gespr\u00e4ch - Lifestylehotels\u2122","description":"Thomas Holzleithner, einer der CEOs der Lifestylehotels, \u00fcber seine Leidenschaft und Inspiration zum Thema Reisen.","robots":{"index":"index","follow":"follow","max-snippet":"max-snippet:-1","max-image-preview":"max-image-preview:large","max-video-preview":"max-video-preview:-1"},"canonical":"https:\/\/www.lifestylehotels.net\/de\/interview-thomas\/","og_locale":"de_DE","og_type":"article","og_title":"Thomas Holzleithner im Gespr\u00e4ch - Lifestylehotels\u2122","og_description":"Thomas Holzleithner, einer der CEOs der Lifestylehotels, \u00fcber seine Leidenschaft und Inspiration zum Thema Reisen.","og_url":"https:\/\/www.lifestylehotels.net\/de\/interview-thomas\/","og_site_name":"Lifestylehotels\u2122","article_modified_time":"2022-03-11T10:10:37+00:00","twitter_card":"summary_large_image","twitter_misc":{"Gesch\u00e4tzte Lesezeit":"3\u00a0Minuten"},"schema":{"@context":"https:\/\/schema.org","@graph":[{"@type":"WebPage","@id":"https:\/\/www.lifestylehotels.net\/de\/interview-thomas\/","url":"https:\/\/www.lifestylehotels.net\/de\/interview-thomas\/","name":"Thomas Holzleithner im Gespr\u00e4ch - Lifestylehotels\u2122","isPartOf":{"@id":"https:\/\/www.lifestylehotels.net\/de\/#website"},"datePublished":"2019-12-05T21:44:49+00:00","dateModified":"2022-03-11T10:10:37+00:00","description":"Thomas Holzleithner, einer der CEOs der Lifestylehotels, \u00fcber seine Leidenschaft und Inspiration zum Thema Reisen.","breadcrumb":{"@id":"https:\/\/www.lifestylehotels.net\/de\/interview-thomas\/#breadcrumb"},"inLanguage":"de","potentialAction":[{"@type":"ReadAction","target":["https:\/\/www.lifestylehotels.net\/de\/interview-thomas\/"]}]},{"@type":"BreadcrumbList","@id":"https:\/\/www.lifestylehotels.net\/de\/interview-thomas\/#breadcrumb","itemListElement":[{"@type":"ListItem","position":1,"name":"Startseite","item":"https:\/\/www.lifestylehotels.net\/de\/"},{"@type":"ListItem","position":2,"name":"Thomas Holzleithner im Gespr\u00e4ch"}]},{"@type":"WebSite","@id":"https:\/\/www.lifestylehotels.net\/de\/#website","url":"https:\/\/www.lifestylehotels.net\/de\/","name":"Lifestylehotels\u2122","description":"","potentialAction":[{"@type":"SearchAction","target":{"@type":"EntryPoint","urlTemplate":"https:\/\/www.lifestylehotels.net\/de\/?s={search_term_string}"},"query-input":"required name=search_term_string"}],"inLanguage":"de"}]}},"jetpack_sharing_enabled":true,"_links":{"self":[{"href":"https:\/\/www.lifestylehotels.net\/de\/wp-json\/wp\/v2\/pages\/33480"}],"collection":[{"href":"https:\/\/www.lifestylehotels.net\/de\/wp-json\/wp\/v2\/pages"}],"about":[{"href":"https:\/\/www.lifestylehotels.net\/de\/wp-json\/wp\/v2\/types\/page"}],"author":[{"embeddable":true,"href":"https:\/\/www.lifestylehotels.net\/de\/wp-json\/wp\/v2\/users\/9"}],"replies":[{"embeddable":true,"href":"https:\/\/www.lifestylehotels.net\/de\/wp-json\/wp\/v2\/comments?post=33480"}],"version-history":[{"count":42,"href":"https:\/\/www.lifestylehotels.net\/de\/wp-json\/wp\/v2\/pages\/33480\/revisions"}],"predecessor-version":[{"id":88043,"href":"https:\/\/www.lifestylehotels.net\/de\/wp-json\/wp\/v2\/pages\/33480\/revisions\/88043"}],"wp:attachment":[{"href":"https:\/\/www.lifestylehotels.net\/de\/wp-json\/wp\/v2\/media?parent=33480"}],"curies":[{"name":"wp","href":"https:\/\/api.w.org\/{rel}","templated":true}]}}