{"id":35,"date":"2019-09-28T01:09:50","date_gmt":"2019-09-27T23:09:50","guid":{"rendered":"https:\/\/www.lifestylehotels.net\/?page_id=35"},"modified":"2022-03-11T12:32:23","modified_gmt":"2022-03-11T11:32:23","slug":"shop","status":"publish","type":"page","link":"https:\/\/www.lifestylehotels.net\/de\/shop\/","title":{"rendered":"Shop"},"content":{"rendered":"\n<h2 class=\"wp-block-heading\">Shop<\/h2>\n\n\n\n<p>Planen Sie Ihre n\u00e4chste Reise und \u00fcberraschen Sie Ihre Liebsten mit einem <strong>Wertgutschein<\/strong> einl\u00f6sbar in allen Lifestylehotels. <\/p>\n\n\n\n<p>Holen Sie sich das aktuelle <strong>Coffeetable Book<\/strong>, die brandneue Ausgabe des <strong>THE Stylemate Magazins<\/strong> oder ein <strong>Jahresabo<\/strong> des Magazins. <\/p>\n\n\n\n<p>Oder werden Sie ein <strong><a href=\"https:\/\/www.lifestylehotels.net\/de\/smart-traveller\/\" target=\"_blank\" rel=\"noreferrer noopener\">Smart Traveller<\/a><\/strong>, indem Sie unserer exklusiven Community beitreten und sichern Sie sich <strong>bis zu 70% Erm\u00e4\u00dfigung mit unseren PROMOTION NIGHTS<\/strong> in ausgew\u00e4hlten Lifestylehotels.<\/p>\n\n\n\n<p class=\"has-small-font-size\"><em>Gerne k\u00f6nnen Sie Ihre Bestellung auch direkt \u00fcber <a rel=\"noreferrer noopener\" href=\"mailto:marketing@lifestylehotels.net\" target=\"_blank\">marketing@lifestylehotels.net<\/a> durchf\u00fchren.<\/em><\/p>\n\n\n\n<script type=\"text\/javascript\" src=\"https:\/\/ongus.com\/oshop\/lifestylehotels\/embed.js\"><\/script>\n\n\n\n<p class=\"has-small-font-size\"><em>Gerne k\u00f6nnen Sie Ihre Bestellung auch direkt \u00fcber <a href=\"mailto:marketing@lifestylehotels.net\" target=\"_blank\" rel=\"noreferrer noopener\">marketing@lifestylehotels.net<\/a> durchf\u00fchren.<\/em><\/p>\n","protected":false},"excerpt":{"rendered":"<p>Shop Planen Sie Ihre n\u00e4chste Reise und \u00fcberraschen Sie Ihre Liebsten mit einem Wertgutschein einl\u00f6sbar in allen Lifestylehotels. Holen Sie sich das aktuelle Coffeetable Book, die brandneue Ausgabe des THE Stylemate Magazins oder ein Jahresabo des Magazins. Oder werden Sie ein Smart Traveller, indem Sie unserer exklusiven Community beitreten und sichern Sie sich bis zu [&hellip;]<\/p>\n","protected":false},"author":9,"featured_media":0,"parent":0,"menu_order":76,"comment_status":"closed","ping_status":"closed","template":"","meta":{"inline_featured_image":false,"footnotes":""},"acf":[],"yoast_head":"<!-- This site is optimized with the Yoast SEO plugin v21.9.1 - https:\/\/yoast.com\/wordpress\/plugins\/seo\/ -->\n<title>Shop - Lifestylehotels\u2122<\/title>\n<meta name=\"description\" content=\"Holen Sie sich im Lifestylehotels Shop Wertgutscheine, das Coffetable Book mit allen Member Hotels oder das THE Stylemate Magazin.\" \/>\n<meta name=\"robots\" content=\"index, follow, max-snippet:-1, max-image-preview:large, max-video-preview:-1\" \/>\n<link rel=\"canonical\" href=\"https:\/\/www.lifestylehotels.net\/de\/shop\/\" \/>\n<meta property=\"og:locale\" content=\"de_DE\" \/>\n<meta property=\"og:type\" content=\"article\" \/>\n<meta property=\"og:title\" content=\"Shop - Lifestylehotels\u2122\" \/>\n<meta property=\"og:description\" content=\"Holen Sie sich im Lifestylehotels Shop Wertgutscheine, das Coffetable Book mit allen Member Hotels oder das THE Stylemate Magazin.\" \/>\n<meta property=\"og:url\" content=\"https:\/\/www.lifestylehotels.net\/de\/shop\/\" \/>\n<meta property=\"og:site_name\" content=\"Lifestylehotels\u2122\" \/>\n<meta property=\"article:modified_time\" content=\"2022-03-11T11:32:23+00:00\" \/>\n<meta name=\"twitter:card\" content=\"summary_large_image\" \/>\n<meta name=\"twitter:label1\" content=\"Gesch\u00e4tzte Lesezeit\" \/>\n\t<meta name=\"twitter:data1\" content=\"1\u00a0Minute\" \/>\n<script type=\"application\/ld+json\" class=\"yoast-schema-graph\">{\"@context\":\"https:\/\/schema.org\",\"@graph\":[{\"@type\":\"WebPage\",\"@id\":\"https:\/\/www.lifestylehotels.net\/de\/shop\/\",\"url\":\"https:\/\/www.lifestylehotels.net\/de\/shop\/\",\"name\":\"Shop - Lifestylehotels\u2122\",\"isPartOf\":{\"@id\":\"https:\/\/www.lifestylehotels.net\/de\/#website\"},\"datePublished\":\"2019-09-27T23:09:50+00:00\",\"dateModified\":\"2022-03-11T11:32:23+00:00\",\"description\":\"Holen Sie sich im Lifestylehotels Shop Wertgutscheine, das Coffetable Book mit allen Member Hotels oder das THE Stylemate Magazin.\",\"breadcrumb\":{\"@id\":\"https:\/\/www.lifestylehotels.net\/de\/shop\/#breadcrumb\"},\"inLanguage\":\"de\",\"potentialAction\":[{\"@type\":\"ReadAction\",\"target\":[\"https:\/\/www.lifestylehotels.net\/de\/shop\/\"]}]},{\"@type\":\"BreadcrumbList\",\"@id\":\"https:\/\/www.lifestylehotels.net\/de\/shop\/#breadcrumb\",\"itemListElement\":[{\"@type\":\"ListItem\",\"position\":1,\"name\":\"Startseite\",\"item\":\"https:\/\/www.lifestylehotels.net\/de\/\"},{\"@type\":\"ListItem\",\"position\":2,\"name\":\"Shop\"}]},{\"@type\":\"WebSite\",\"@id\":\"https:\/\/www.lifestylehotels.net\/de\/#website\",\"url\":\"https:\/\/www.lifestylehotels.net\/de\/\",\"name\":\"Lifestylehotels\u2122\",\"description\":\"\",\"potentialAction\":[{\"@type\":\"SearchAction\",\"target\":{\"@type\":\"EntryPoint\",\"urlTemplate\":\"https:\/\/www.lifestylehotels.net\/de\/?s={search_term_string}\"},\"query-input\":\"required name=search_term_string\"}],\"inLanguage\":\"de\"}]}<\/script>\n<!-- \/ Yoast SEO plugin. -->","yoast_head_json":{"title":"Shop - Lifestylehotels\u2122","description":"Holen Sie sich im Lifestylehotels Shop Wertgutscheine, das Coffetable Book mit allen Member Hotels oder das THE Stylemate Magazin.","robots":{"index":"index","follow":"follow","max-snippet":"max-snippet:-1","max-image-preview":"max-image-preview:large","max-video-preview":"max-video-preview:-1"},"canonical":"https:\/\/www.lifestylehotels.net\/de\/shop\/","og_locale":"de_DE","og_type":"article","og_title":"Shop - Lifestylehotels\u2122","og_description":"Holen Sie sich im Lifestylehotels Shop Wertgutscheine, das Coffetable Book mit allen Member Hotels oder das THE Stylemate Magazin.","og_url":"https:\/\/www.lifestylehotels.net\/de\/shop\/","og_site_name":"Lifestylehotels\u2122","article_modified_time":"2022-03-11T11:32:23+00:00","twitter_card":"summary_large_image","twitter_misc":{"Gesch\u00e4tzte Lesezeit":"1\u00a0Minute"},"schema":{"@context":"https:\/\/schema.org","@graph":[{"@type":"WebPage","@id":"https:\/\/www.lifestylehotels.net\/de\/shop\/","url":"https:\/\/www.lifestylehotels.net\/de\/shop\/","name":"Shop - Lifestylehotels\u2122","isPartOf":{"@id":"https:\/\/www.lifestylehotels.net\/de\/#website"},"datePublished":"2019-09-27T23:09:50+00:00","dateModified":"2022-03-11T11:32:23+00:00","description":"Holen Sie sich im Lifestylehotels Shop Wertgutscheine, das Coffetable Book mit allen Member Hotels oder das THE Stylemate Magazin.","breadcrumb":{"@id":"https:\/\/www.lifestylehotels.net\/de\/shop\/#breadcrumb"},"inLanguage":"de","potentialAction":[{"@type":"ReadAction","target":["https:\/\/www.lifestylehotels.net\/de\/shop\/"]}]},{"@type":"BreadcrumbList","@id":"https:\/\/www.lifestylehotels.net\/de\/shop\/#breadcrumb","itemListElement":[{"@type":"ListItem","position":1,"name":"Startseite","item":"https:\/\/www.lifestylehotels.net\/de\/"},{"@type":"ListItem","position":2,"name":"Shop"}]},{"@type":"WebSite","@id":"https:\/\/www.lifestylehotels.net\/de\/#website","url":"https:\/\/www.lifestylehotels.net\/de\/","name":"Lifestylehotels\u2122","description":"","potentialAction":[{"@type":"SearchAction","target":{"@type":"EntryPoint","urlTemplate":"https:\/\/www.lifestylehotels.net\/de\/?s={search_term_string}"},"query-input":"required name=search_term_string"}],"inLanguage":"de"}]}},"jetpack_sharing_enabled":true,"_links":{"self":[{"href":"https:\/\/www.lifestylehotels.net\/de\/wp-json\/wp\/v2\/pages\/35"}],"collection":[{"href":"https:\/\/www.lifestylehotels.net\/de\/wp-json\/wp\/v2\/pages"}],"about":[{"href":"https:\/\/www.lifestylehotels.net\/de\/wp-json\/wp\/v2\/types\/page"}],"author":[{"embeddable":true,"href":"https:\/\/www.lifestylehotels.net\/de\/wp-json\/wp\/v2\/users\/9"}],"replies":[{"embeddable":true,"href":"https:\/\/www.lifestylehotels.net\/de\/wp-json\/wp\/v2\/comments?post=35"}],"version-history":[{"count":37,"href":"https:\/\/www.lifestylehotels.net\/de\/wp-json\/wp\/v2\/pages\/35\/revisions"}],"predecessor-version":[{"id":88225,"href":"https:\/\/www.lifestylehotels.net\/de\/wp-json\/wp\/v2\/pages\/35\/revisions\/88225"}],"wp:attachment":[{"href":"https:\/\/www.lifestylehotels.net\/de\/wp-json\/wp\/v2\/media?parent=35"}],"curies":[{"name":"wp","href":"https:\/\/api.w.org\/{rel}","templated":true}]}}