{"id":403288,"date":"2025-04-03T11:34:47","date_gmt":"2025-04-03T09:34:47","guid":{"rendered":"https:\/\/www.lifestylehotels.net\/?page_id=403288"},"modified":"2026-04-06T00:47:56","modified_gmt":"2026-04-05T22:47:56","slug":"oster-gewinnspiel","status":"publish","type":"page","link":"https:\/\/www.lifestylehotels.net\/de\/oster-gewinnspiel\/","title":{"rendered":"Oster Gewinnspiel"},"content":{"rendered":"\n<div class=\"wp-block-group lsh-competition-intro is-layout-flow wp-block-group-is-layout-flow\"><div class=\"wp-block-group__inner-container\">\n<div class=\"wp-block-columns is-layout-flex wp-container-core-columns-layout-1 wp-block-columns-is-layout-flex\">\n<div class=\"wp-block-column is-layout-flow wp-block-column-is-layout-flow\" style=\"flex-basis:25%\">\n<figure class=\"wp-block-image size-full is-style-default\"><img decoding=\"async\" width=\"1080\" height=\"1080\" src=\"https:\/\/www.lifestylehotels.net\/wp-content\/uploads\/2026\/03\/LSH-Easter-Giveaway-26.png\" alt=\"\" class=\"wp-image-1337215\" srcset=\"https:\/\/www.lifestylehotels.net\/wp-content\/uploads\/2026\/03\/LSH-Easter-Giveaway-26.png 1080w, https:\/\/www.lifestylehotels.net\/wp-content\/uploads\/2026\/03\/LSH-Easter-Giveaway-26-150x150.png 150w, https:\/\/www.lifestylehotels.net\/wp-content\/uploads\/2026\/03\/LSH-Easter-Giveaway-26-768x768.png 768w, https:\/\/www.lifestylehotels.net\/wp-content\/uploads\/2026\/03\/LSH-Easter-Giveaway-26-360x360.png 360w\" sizes=\"(max-width: 1080px) 100vw, 1080px\" \/><\/figure>\n<\/div>\n\n\n\n<div class=\"wp-block-column is-layout-flow wp-block-column-is-layout-flow\" style=\"flex-basis:75%\">\n<h2 class=\"wp-block-heading\">Oster Gewinnspiel<\/h2>\n\n\n\n<p>Nehmen Sie vom <strong>29 M\u00e4rz. bis 5. April<\/strong> jeden Tag am Oster Gewinnspiel teil und <strong>mit ein bisschen Gl\u00fcck k\u00f6nnen Sie <strong>jeden Tag einen von 8 exklusiven Preisen <\/strong>gewinnen. <\/strong>Zu gewinnen gibt es<strong> luxuri\u00f6se Aufenthalte in einem der au\u00dfergew\u00f6hnlichen Lifestylehotels\u2122. <\/strong><\/p>\n\n\n\n<p>Das Gewinnspiel startet <span style=\"font-size: revert; color: initial;\">Sonntag, <\/span>29.M\u00e4rz<span style=\"font-size: revert; color: initial;\"> 2025 um 00:01 bis Sonntag, 5. April um 23:59 Uhr auf lifestylehotels.net sowie auf Instagram <\/span><a href=\"https:\/\/www.instagram.com\/lifestylehotels_\/\" target=\"_blank\" rel=\"noreferrer noopener\"><span style=\"font-size: revert; color: initial;\"><strong>@lifestylehotels_<\/strong><\/span> <\/a>. Jedes Gewinnspiel l\u00e4uft 24 Stunden.<\/p>\n\n\n\n<h3 class=\"wp-block-heading\"><strong>So nehmen Sie teil:<\/strong><\/h3>\n\n\n\n<ul>\n<li>\u00d6ffnen Sie das jeweilige Fenster am Gewinnspieltag auf lifestylehotels.net<\/li>\n\n\n\n<li>Beantworten Sie die Gewinnfrage richtig<\/li>\n\n\n\n<li>Best\u00e4tigen Sie die Teilnahme<\/li>\n\n\n\n<li>Erh\u00f6hen Sie ihre Gewinnchancen und folgen Sie uns auf <a href=\"https:\/\/de-de.facebook.com\/lifestylehotels.net\/\" target=\"_blank\" rel=\"noreferrer noopener\"><strong>Facebook<\/strong><\/a> &amp; <a href=\"https:\/\/www.instagram.com\/lifestylehotels_\/\" target=\"_blank\" rel=\"noreferrer noopener\"><strong>Instagram<\/strong><\/a><\/li>\n<\/ul>\n\n\n\n<p style=\"font-size:17px\"><em>Teilnahmebedingungen\/Datenschutzrichtlinien<strong>&nbsp;<a href=\"http:\/\/lifestylehotels.net\/de\/datenschutzerklaerung-und-teilnahmebedingungen-oster-gewinnspiel-2026\/\" target=\"_blank\" rel=\"noreferrer noopener\">hier lesen &gt;&gt;<\/a><\/strong><\/em><\/p>\n\n\n\n<p class=\"has-small-font-size\">Sie k\u00f6nnen t\u00e4glich mitspielen und haben damit 8 Chancen auf einen Gewinn.<\/p>\n\n\n\n<h3 class=\"wp-block-heading\"><strong>Wir w\u00fcnschen Ihnen viel Gl\u00fcck bei der Teilnahme!<\/strong><\/h3>\n\n\n\n<p class=\"has-small-font-size\">Die Gewinner werden pers\u00f6nlich verst\u00e4ndigt. <\/p>\n<\/div>\n<\/div>\n<\/div><\/div>\n\n\n\n<div style=\"height:19px\" aria-hidden=\"true\" class=\"wp-block-spacer\"><\/div>\n\n\n\n<div class=\"wp-block-group lsh-competition is-layout-flow wp-block-group-is-layout-flow\"><div class=\"wp-block-group__inner-container\">\n<div class=\"wp-block-group lsh-competition--inactive is-layout-flow wp-block-group-is-layout-flow\"><div class=\"wp-block-group__inner-container\"><div class=\"wp-block-image is-style-default\">\n<figure class=\"aligncenter size-full\"><img decoding=\"async\" width=\"1200\" height=\"1500\" src=\"https:\/\/www.lifestylehotels.net\/wp-content\/uploads\/2026\/03\/LAY-LSH-EASTER-GIVEAWAY_Zeichenflaeche-1-Kopie.png\" alt=\"\" class=\"wp-image-1337206\" srcset=\"https:\/\/www.lifestylehotels.net\/wp-content\/uploads\/2026\/03\/LAY-LSH-EASTER-GIVEAWAY_Zeichenflaeche-1-Kopie.png 1200w, https:\/\/www.lifestylehotels.net\/wp-content\/uploads\/2026\/03\/LAY-LSH-EASTER-GIVEAWAY_Zeichenflaeche-1-Kopie-768x960.png 768w, https:\/\/www.lifestylehotels.net\/wp-content\/uploads\/2026\/03\/LAY-LSH-EASTER-GIVEAWAY_Zeichenflaeche-1-Kopie-360x450.png 360w\" sizes=\"(max-width: 1200px) 100vw, 1200px\" \/><\/figure><\/div>\n\n\n<p>Sonntag, 29. M\u00e4rz<\/p>\n\n\n\n<h2 class=\"wp-block-heading\">Alpenhotel Kitzb\u00fchel | Kitzb\u00fchel | \u00d6sterreich<\/h2>\n\n\n\n<p>Gewinnen Sie 1 Nacht f\u00fcr 2 Personen inkl. Gourmet-Verw\u00f6hnpension<\/p>\n\n\n\n<div class=\"wp-block-buttons is-layout-flex wp-block-buttons-is-layout-flex\">\n<div class=\"wp-block-button is-style-fill\"><a class=\"wp-block-button__link wp-element-button\" href=\"http:\/\/lifestylehotels.net\/de\/gewinnspiel\/oster-gewinnspiel-29-maerz-alpenhotel-kitzbuehel-kitzbuehel-oesterreich\/\" target=\"_blank\" rel=\"noreferrer noopener\">Hier mitspielen<\/a><\/div>\n\n\n\n<div class=\"wp-block-button is-style-outline\"><a class=\"wp-block-button__link wp-element-button\" href=\"https:\/\/www.lifestylehotels.net\/de\/hotel\/alpenhotel-kitzbuehel\/\" target=\"_blank\" rel=\"noreferrer noopener\">Hotel anzeigen<\/a><\/div>\n<\/div>\n<\/div><\/div>\n\n\n\n<div class=\"wp-block-group lsh-competition--inactive is-layout-flow wp-block-group-is-layout-flow\"><div class=\"wp-block-group__inner-container\">\n<figure class=\"wp-block-image size-full\"><img decoding=\"async\" width=\"1200\" height=\"1500\" src=\"https:\/\/www.lifestylehotels.net\/wp-content\/uploads\/2026\/03\/LAY-LSH-EASTER-GIVEAWAY_Zeichenflaeche-1-Kopie-3.png\" alt=\"\" class=\"wp-image-1337194\" style=\"object-fit:cover\" srcset=\"https:\/\/www.lifestylehotels.net\/wp-content\/uploads\/2026\/03\/LAY-LSH-EASTER-GIVEAWAY_Zeichenflaeche-1-Kopie-3.png 1200w, https:\/\/www.lifestylehotels.net\/wp-content\/uploads\/2026\/03\/LAY-LSH-EASTER-GIVEAWAY_Zeichenflaeche-1-Kopie-3-768x960.png 768w, https:\/\/www.lifestylehotels.net\/wp-content\/uploads\/2026\/03\/LAY-LSH-EASTER-GIVEAWAY_Zeichenflaeche-1-Kopie-3-360x450.png 360w\" sizes=\"(max-width: 1200px) 100vw, 1200px\" \/><\/figure>\n\n\n\n<p>Montag, 30. April<\/p>\n\n\n\n<h2 class=\"wp-block-heading\">The Wild Hotel by Interni | Mykonos | Griechenland<\/h2>\n\n\n\n<p>Gewinnen Sie 2 N\u00e4chte f\u00fcr 2 Personen inkl. Fr\u00fchst\u00fcck<\/p>\n\n\n\n<div class=\"wp-block-buttons is-layout-flex wp-block-buttons-is-layout-flex\">\n<div class=\"wp-block-button is-style-fill\"><a class=\"wp-block-button__link wp-element-button\" href=\"http:\/\/lifestylehotels.net\/de\/gewinnspiel\/oster-gewinnspiel-30-maerz-the-wild-hotel-by-interni-mykonos-griechenland\/\" target=\"_blank\" rel=\"noreferrer noopener\">Hier mitspielen<\/a><\/div>\n\n\n\n<div class=\"wp-block-button is-style-outline\"><a class=\"wp-block-button__link wp-element-button\" href=\"https:\/\/www.lifestylehotels.net\/de\/hotel\/the-wild-hotel-by-interni\/\" target=\"_blank\" rel=\"noreferrer noopener\">Hotel anzeigen<\/a><\/div>\n<\/div>\n<\/div><\/div>\n\n\n\n<div class=\"wp-block-group lsh-competition--inactive is-layout-flow wp-block-group-is-layout-flow\"><div class=\"wp-block-group__inner-container\"><div class=\"wp-block-image\">\n<figure class=\"aligncenter size-full\"><img decoding=\"async\" width=\"1200\" height=\"1500\" src=\"https:\/\/www.lifestylehotels.net\/wp-content\/uploads\/2026\/03\/LAY-LSH-EASTER-GIVEAWAY_Zeichenflaeche-1-Kopie-4.png\" alt=\"\" class=\"wp-image-1337196\" srcset=\"https:\/\/www.lifestylehotels.net\/wp-content\/uploads\/2026\/03\/LAY-LSH-EASTER-GIVEAWAY_Zeichenflaeche-1-Kopie-4.png 1200w, https:\/\/www.lifestylehotels.net\/wp-content\/uploads\/2026\/03\/LAY-LSH-EASTER-GIVEAWAY_Zeichenflaeche-1-Kopie-4-768x960.png 768w, https:\/\/www.lifestylehotels.net\/wp-content\/uploads\/2026\/03\/LAY-LSH-EASTER-GIVEAWAY_Zeichenflaeche-1-Kopie-4-360x450.png 360w\" sizes=\"(max-width: 1200px) 100vw, 1200px\" \/><\/figure><\/div>\n\n\n<p>Dienstag, 31. M\u00e4rz<\/p>\n\n\n\n<h2 class=\"wp-block-heading\">Seegut Zeppelin | Friedrichshafen | Deutschland<\/h2>\n\n\n\n<p>Gewinnen Sie 2 N\u00e4chte f\u00fcr 2 Personen inkl. Fr\u00fchst\u00fcck<\/p>\n\n\n\n<div class=\"wp-block-buttons is-layout-flex wp-block-buttons-is-layout-flex\">\n<div class=\"wp-block-button is-style-fill\"><a class=\"wp-block-button__link wp-element-button\" href=\"http:\/\/lifestylehotels.net\/de\/gewinnspiel\/oster-gewinnspiel-31-maerz-seegut-zeppelin-friedrichshafen-deutschland\/\" target=\"_blank\" rel=\"noreferrer noopener\">Hier mitspielen<\/a><\/div>\n\n\n\n<div class=\"wp-block-button is-style-outline\"><a class=\"wp-block-button__link wp-element-button\" href=\"https:\/\/www.lifestylehotels.net\/de\/hotel\/hotel-seegut-zeppelin\/\" target=\"_blank\" rel=\"noreferrer noopener\">Hotel anzeigen<\/a><\/div>\n<\/div>\n<\/div><\/div>\n\n\n\n<div class=\"wp-block-group lsh-competition--inactive is-layout-flow wp-block-group-is-layout-flow\"><div class=\"wp-block-group__inner-container\">\n<figure class=\"wp-block-image size-full\"><img decoding=\"async\" width=\"1200\" height=\"1500\" src=\"https:\/\/www.lifestylehotels.net\/wp-content\/uploads\/2026\/03\/LAY-LSH-EASTER-GIVEAWAY_Zeichenflaeche-1-Kopie-5.png\" alt=\"\" class=\"wp-image-1337198\" srcset=\"https:\/\/www.lifestylehotels.net\/wp-content\/uploads\/2026\/03\/LAY-LSH-EASTER-GIVEAWAY_Zeichenflaeche-1-Kopie-5.png 1200w, https:\/\/www.lifestylehotels.net\/wp-content\/uploads\/2026\/03\/LAY-LSH-EASTER-GIVEAWAY_Zeichenflaeche-1-Kopie-5-768x960.png 768w, https:\/\/www.lifestylehotels.net\/wp-content\/uploads\/2026\/03\/LAY-LSH-EASTER-GIVEAWAY_Zeichenflaeche-1-Kopie-5-360x450.png 360w\" sizes=\"(max-width: 1200px) 100vw, 1200px\" \/><\/figure>\n\n\n\n<p>Mittwoch, 1. April<\/p>\n\n\n\n<h2 class=\"wp-block-heading\">Hotel Matterhorn Focus | Zermatt | Schweiz<\/h2>\n\n\n\n<p>Gewinnen Sie 2 N\u00e4chte f\u00fcr 2 Personen inkl. Fr\u00fchst\u00fcck<\/p>\n\n\n\n<div class=\"wp-block-buttons is-layout-flex wp-block-buttons-is-layout-flex\">\n<div class=\"wp-block-button is-style-fill\"><a class=\"wp-block-button__link wp-element-button\" href=\"http:\/\/lifestylehotels.net\/de\/gewinnspiel\/oster-gewinnspiel-1-april-hotel-matterhorn-focus-zermatt-schweiz\/\" target=\"_blank\" rel=\"noreferrer noopener\">Hier mitspielen<\/a><\/div>\n\n\n\n<div class=\"wp-block-button is-style-outline\"><a class=\"wp-block-button__link wp-element-button\" href=\"https:\/\/www.lifestylehotels.net\/de\/hotel\/hotel-matterhorn-focus\/\" target=\"_blank\" rel=\"noreferrer noopener\">Hotel anzeigen<\/a><\/div>\n<\/div>\n<\/div><\/div>\n\n\n\n<div class=\"wp-block-group lsh-competition--inactive is-layout-flow wp-block-group-is-layout-flow\"><div class=\"wp-block-group__inner-container\">\n<figure class=\"wp-block-image size-full\"><img decoding=\"async\" width=\"1200\" height=\"1500\" src=\"https:\/\/www.lifestylehotels.net\/wp-content\/uploads\/2026\/03\/LAY-LSH-EASTER-GIVEAWAY_Zeichenflaeche-1-Kopie-6.png\" alt=\"\" class=\"wp-image-1337200\" srcset=\"https:\/\/www.lifestylehotels.net\/wp-content\/uploads\/2026\/03\/LAY-LSH-EASTER-GIVEAWAY_Zeichenflaeche-1-Kopie-6.png 1200w, https:\/\/www.lifestylehotels.net\/wp-content\/uploads\/2026\/03\/LAY-LSH-EASTER-GIVEAWAY_Zeichenflaeche-1-Kopie-6-768x960.png 768w, https:\/\/www.lifestylehotels.net\/wp-content\/uploads\/2026\/03\/LAY-LSH-EASTER-GIVEAWAY_Zeichenflaeche-1-Kopie-6-360x450.png 360w\" sizes=\"(max-width: 1200px) 100vw, 1200px\" \/><\/figure>\n\n\n\n<p>Donnerstag, 2. April<\/p>\n\n\n\n<h2 class=\"wp-block-heading\">Refugium Lunz | Lunz am See | \u00d6sterreich<\/h2>\n\n\n\n<p><strong><strong>Gewinnen Sie 2 N\u00e4chte f\u00fcr 2 Personen inkl. Fr\u00fchst\u00fcck<\/strong><\/strong><\/p>\n\n\n\n<div class=\"wp-block-buttons is-layout-flex wp-block-buttons-is-layout-flex\">\n<div class=\"wp-block-button is-style-fill\"><a class=\"wp-block-button__link wp-element-button\" href=\"http:\/\/lifestylehotels.net\/de\/gewinnspiel\/oster-gewinnspiel-2-april-seegut-zeppelin-deutschlandn\/\" target=\"_blank\" rel=\"noreferrer noopener\">Hier mitspielen<\/a><\/div>\n\n\n\n<div class=\"wp-block-button is-style-outline\"><a class=\"wp-block-button__link wp-element-button\" href=\"https:\/\/www.lifestylehotels.net\/de\/hotel\/refugium-lunz\/\" target=\"_blank\" rel=\"noreferrer noopener\">Hotel anzeigen<\/a><\/div>\n<\/div>\n<\/div><\/div>\n\n\n\n<div class=\"wp-block-group lsh-competition--inactive is-layout-flow wp-block-group-is-layout-flow\"><div class=\"wp-block-group__inner-container\">\n<figure class=\"wp-block-image size-full\"><img decoding=\"async\" width=\"1200\" height=\"1500\" src=\"https:\/\/www.lifestylehotels.net\/wp-content\/uploads\/2026\/03\/LAY-LSH-EASTER-GIVEAWAY_Zeichenflaeche-1-Kopie-7.png\" alt=\"\" class=\"wp-image-1337202\" srcset=\"https:\/\/www.lifestylehotels.net\/wp-content\/uploads\/2026\/03\/LAY-LSH-EASTER-GIVEAWAY_Zeichenflaeche-1-Kopie-7.png 1200w, https:\/\/www.lifestylehotels.net\/wp-content\/uploads\/2026\/03\/LAY-LSH-EASTER-GIVEAWAY_Zeichenflaeche-1-Kopie-7-768x960.png 768w, https:\/\/www.lifestylehotels.net\/wp-content\/uploads\/2026\/03\/LAY-LSH-EASTER-GIVEAWAY_Zeichenflaeche-1-Kopie-7-360x450.png 360w\" sizes=\"(max-width: 1200px) 100vw, 1200px\" \/><\/figure>\n\n\n\n<p>Freitag, 3. April<\/p>\n\n\n\n<h2 class=\"wp-block-heading\"><strong>The BOOK 22nd<\/strong> | Lifestylehotels<\/h2>\n\n\n\n<p>Gewinnen sie The BOOK 22nd | Lifestylehotels<\/p>\n\n\n\n<div class=\"wp-block-buttons is-layout-flex wp-block-buttons-is-layout-flex\">\n<div class=\"wp-block-button is-style-fill\"><a class=\"wp-block-button__link wp-element-button\" href=\"http:\/\/lifestylehotels.net\/de\/gewinnspiel\/oster-gewinnspiel-3-april-the-book-22nd-lifestylehotels\/\" target=\"_blank\" rel=\"noreferrer noopener\">Hier mitspielen<\/a><\/div>\n\n\n\n<div class=\"wp-block-button is-style-outline\"><a class=\"wp-block-button__link wp-element-button\" href=\"https:\/\/www.lifestylehotels.net\/en\/story\/lifestylehotels-the-book-22nd-edition-stylish-retreats-for-inspiring-timeouts\/\" target=\"_blank\" rel=\"noreferrer noopener\">Buch anzeigen<\/a><\/div>\n<\/div>\n<\/div><\/div>\n\n\n\n<div class=\"wp-block-group lsh-competition--inactive is-layout-flow wp-block-group-is-layout-flow\"><div class=\"wp-block-group__inner-container\">\n<figure class=\"wp-block-image size-full\"><img decoding=\"async\" width=\"1200\" height=\"1500\" src=\"https:\/\/www.lifestylehotels.net\/wp-content\/uploads\/2026\/03\/LAY-LSH-EASTER-GIVEAWAY_Zeichenflaeche-1-Kopie-8.png\" alt=\"\" class=\"wp-image-1337208\" srcset=\"https:\/\/www.lifestylehotels.net\/wp-content\/uploads\/2026\/03\/LAY-LSH-EASTER-GIVEAWAY_Zeichenflaeche-1-Kopie-8.png 1200w, https:\/\/www.lifestylehotels.net\/wp-content\/uploads\/2026\/03\/LAY-LSH-EASTER-GIVEAWAY_Zeichenflaeche-1-Kopie-8-768x960.png 768w, https:\/\/www.lifestylehotels.net\/wp-content\/uploads\/2026\/03\/LAY-LSH-EASTER-GIVEAWAY_Zeichenflaeche-1-Kopie-8-360x450.png 360w\" sizes=\"(max-width: 1200px) 100vw, 1200px\" \/><\/figure>\n\n\n\n<p>Samstag, 4. April<\/p>\n\n\n\n<h2 class=\"wp-block-heading\"><strong><strong>Alpin Juwel | Saalbach-Hinterglemm | \u00d6sterreich<\/strong><\/strong><\/h2>\n\n\n\n<p><strong>Gewinnen Sie 2 \u00dcbernachtungen f\u00fcr 2 Personen inkl. Bio.Logischer Gourmetpension<\/strong><\/p>\n\n\n\n<div class=\"wp-block-buttons is-layout-flex wp-block-buttons-is-layout-flex\">\n<div class=\"wp-block-button is-style-fill\"><a class=\"wp-block-button__link wp-element-button\" href=\"http:\/\/lifestylehotels.net\/de\/gewinnspiel\/ostergewinnspiel-4-april-alpin-juwel-saalbach-hinterglemm-oesterreich\/\" target=\"_blank\" rel=\"noreferrer noopener\">Hier mitspielen<\/a><\/div>\n\n\n\n<div class=\"wp-block-button is-style-outline\"><a class=\"wp-block-button__link wp-element-button\" href=\"https:\/\/www.lifestylehotels.net\/de\/hotel\/alpin-juwel\/\" target=\"_blank\" rel=\"noreferrer noopener\">Hotel anzeigen<\/a><\/div>\n<\/div>\n<\/div><\/div>\n\n\n\n<div class=\"wp-block-group lsh-competition--inactive is-layout-flow wp-block-group-is-layout-flow\"><div class=\"wp-block-group__inner-container\">\n<figure class=\"wp-block-image size-full\"><img decoding=\"async\" width=\"1200\" height=\"1500\" src=\"https:\/\/www.lifestylehotels.net\/wp-content\/uploads\/2026\/03\/LAY-LSH-EASTER-GIVEAWAY_Zeichenflaeche-1-Kopie-9.png\" alt=\"\" class=\"wp-image-1337204\" srcset=\"https:\/\/www.lifestylehotels.net\/wp-content\/uploads\/2026\/03\/LAY-LSH-EASTER-GIVEAWAY_Zeichenflaeche-1-Kopie-9.png 1200w, https:\/\/www.lifestylehotels.net\/wp-content\/uploads\/2026\/03\/LAY-LSH-EASTER-GIVEAWAY_Zeichenflaeche-1-Kopie-9-768x960.png 768w, https:\/\/www.lifestylehotels.net\/wp-content\/uploads\/2026\/03\/LAY-LSH-EASTER-GIVEAWAY_Zeichenflaeche-1-Kopie-9-360x450.png 360w\" sizes=\"(max-width: 1200px) 100vw, 1200px\" \/><\/figure>\n\n\n\n<p>Sonntag, 5. April<\/p>\n\n\n\n<h2 class=\"wp-block-heading\"><strong><strong><strong><strong>THE GREEN | Uderns | \u00d6sterreich<\/strong><\/strong><\/strong><\/strong><\/h2>\n\n\n\n<p><strong><strong>Gewinnen Sie 2 N\u00e4chte f\u00fcr 2 Personen inkl. THE GREEN Gourmetpension<\/strong><\/strong><\/p>\n\n\n\n<div class=\"wp-block-buttons is-layout-flex wp-block-buttons-is-layout-flex\">\n<div class=\"wp-block-button is-style-fill\"><a class=\"wp-block-button__link wp-element-button\" href=\"http:\/\/lifestylehotels.net\/de\/gewinnspiel\/ostergewinnspiel-5-april-the-green-bad-hofgastein-oesterreich\/\" target=\"_blank\" rel=\"noreferrer noopener\">Hier mitspielen<\/a><\/div>\n\n\n\n<div class=\"wp-block-button is-style-outline\"><a class=\"wp-block-button__link wp-element-button\" href=\"https:\/\/www.lifestylehotels.net\/en\/hotel\/the-green\/\" target=\"_blank\" rel=\"noreferrer noopener\">Hotel anzeigen<\/a><\/div>\n<\/div>\n<\/div><\/div>\n\n\n\n<div class=\"wp-block-group lsh-competition--inactive is-layout-flow wp-block-group-is-layout-flow\"><div class=\"wp-block-group__inner-container\">\n<p><\/p>\n\n\n\n<p><\/p>\n<\/div><\/div>\n<\/div><\/div>\n","protected":false},"excerpt":{"rendered":"<p>Oster Gewinnspiel Nehmen Sie vom 29 M\u00e4rz. bis 5. April jeden Tag am Oster Gewinnspiel teil und mit ein bisschen Gl\u00fcck k\u00f6nnen Sie jeden Tag einen von 8 exklusiven Preisen gewinnen. Zu gewinnen gibt es luxuri\u00f6se Aufenthalte in einem der au\u00dfergew\u00f6hnlichen Lifestylehotels\u2122. Das Gewinnspiel startet Sonntag, 29.M\u00e4rz 2025 um 00:01 bis Sonntag, 5. April um [&hellip;]<\/p>\n","protected":false},"author":4,"featured_media":1337192,"parent":0,"menu_order":0,"comment_status":"closed","ping_status":"closed","template":"","meta":{"inline_featured_image":false,"footnotes":""},"acf":[],"yoast_head":"<!-- This site is optimized with the Yoast SEO plugin v21.9.1 - https:\/\/yoast.com\/wordpress\/plugins\/seo\/ -->\n<title>Oster Gewinnspiel - Lifestylehotels\u2122<\/title>\n<meta name=\"description\" content=\"Nehmen Sie vom 29. M\u00e4rz - 5. April jeden Tag am Oster Gewinnspiel teil. Mit ein bisschen Gl\u00fcck k\u00f6nnen Sie gewinnen ...\" \/>\n<meta name=\"robots\" content=\"index, follow, max-snippet:-1, max-image-preview:large, max-video-preview:-1\" \/>\n<link rel=\"canonical\" href=\"https:\/\/www.lifestylehotels.net\/de\/oster-gewinnspiel\/\" \/>\n<meta property=\"og:locale\" content=\"de_DE\" \/>\n<meta property=\"og:type\" content=\"article\" \/>\n<meta property=\"og:title\" content=\"Oster Gewinnspiel - Lifestylehotels\u2122\" \/>\n<meta property=\"og:description\" content=\"Nehmen Sie vom 29. M\u00e4rz - 5. April jeden Tag am Oster Gewinnspiel teil. Mit ein bisschen Gl\u00fcck k\u00f6nnen Sie gewinnen ...\" \/>\n<meta property=\"og:url\" content=\"https:\/\/www.lifestylehotels.net\/de\/oster-gewinnspiel\/\" \/>\n<meta property=\"og:site_name\" content=\"Lifestylehotels\u2122\" \/>\n<meta property=\"article:modified_time\" content=\"2026-04-05T22:47:56+00:00\" \/>\n<meta property=\"og:image\" content=\"https:\/\/www.lifestylehotels.net\/wp-content\/uploads\/2026\/03\/LSH-Oster-Gewinnspiel-Slider-01-1.jpg\" \/>\n\t<meta property=\"og:image:width\" content=\"1920\" \/>\n\t<meta property=\"og:image:height\" content=\"1080\" \/>\n\t<meta property=\"og:image:type\" content=\"image\/jpeg\" \/>\n<meta name=\"twitter:card\" content=\"summary_large_image\" \/>\n<meta name=\"twitter:label1\" content=\"Gesch\u00e4tzte Lesezeit\" \/>\n\t<meta name=\"twitter:data1\" content=\"4\u00a0Minuten\" \/>\n<script type=\"application\/ld+json\" class=\"yoast-schema-graph\">{\"@context\":\"https:\/\/schema.org\",\"@graph\":[{\"@type\":\"WebPage\",\"@id\":\"https:\/\/www.lifestylehotels.net\/de\/oster-gewinnspiel\/\",\"url\":\"https:\/\/www.lifestylehotels.net\/de\/oster-gewinnspiel\/\",\"name\":\"Oster Gewinnspiel - Lifestylehotels\u2122\",\"isPartOf\":{\"@id\":\"https:\/\/www.lifestylehotels.net\/de\/#website\"},\"datePublished\":\"2025-04-03T09:34:47+00:00\",\"dateModified\":\"2026-04-05T22:47:56+00:00\",\"description\":\"Nehmen Sie vom 29. M\u00e4rz - 5. April jeden Tag am Oster Gewinnspiel teil. Mit ein bisschen Gl\u00fcck k\u00f6nnen Sie gewinnen ...\",\"breadcrumb\":{\"@id\":\"https:\/\/www.lifestylehotels.net\/de\/oster-gewinnspiel\/#breadcrumb\"},\"inLanguage\":\"de\",\"potentialAction\":[{\"@type\":\"ReadAction\",\"target\":[\"https:\/\/www.lifestylehotels.net\/de\/oster-gewinnspiel\/\"]}]},{\"@type\":\"BreadcrumbList\",\"@id\":\"https:\/\/www.lifestylehotels.net\/de\/oster-gewinnspiel\/#breadcrumb\",\"itemListElement\":[{\"@type\":\"ListItem\",\"position\":1,\"name\":\"Startseite\",\"item\":\"https:\/\/www.lifestylehotels.net\/de\/\"},{\"@type\":\"ListItem\",\"position\":2,\"name\":\"Oster Gewinnspiel\"}]},{\"@type\":\"WebSite\",\"@id\":\"https:\/\/www.lifestylehotels.net\/de\/#website\",\"url\":\"https:\/\/www.lifestylehotels.net\/de\/\",\"name\":\"Lifestylehotels\u2122\",\"description\":\"\",\"potentialAction\":[{\"@type\":\"SearchAction\",\"target\":{\"@type\":\"EntryPoint\",\"urlTemplate\":\"https:\/\/www.lifestylehotels.net\/de\/?s={search_term_string}\"},\"query-input\":\"required name=search_term_string\"}],\"inLanguage\":\"de\"}]}<\/script>\n<!-- \/ Yoast SEO plugin. -->","yoast_head_json":{"title":"Oster Gewinnspiel - Lifestylehotels\u2122","description":"Nehmen Sie vom 29. M\u00e4rz - 5. April jeden Tag am Oster Gewinnspiel teil. Mit ein bisschen Gl\u00fcck k\u00f6nnen Sie gewinnen ...","robots":{"index":"index","follow":"follow","max-snippet":"max-snippet:-1","max-image-preview":"max-image-preview:large","max-video-preview":"max-video-preview:-1"},"canonical":"https:\/\/www.lifestylehotels.net\/de\/oster-gewinnspiel\/","og_locale":"de_DE","og_type":"article","og_title":"Oster Gewinnspiel - Lifestylehotels\u2122","og_description":"Nehmen Sie vom 29. M\u00e4rz - 5. April jeden Tag am Oster Gewinnspiel teil. Mit ein bisschen Gl\u00fcck k\u00f6nnen Sie gewinnen ...","og_url":"https:\/\/www.lifestylehotels.net\/de\/oster-gewinnspiel\/","og_site_name":"Lifestylehotels\u2122","article_modified_time":"2026-04-05T22:47:56+00:00","og_image":[{"width":1920,"height":1080,"url":"https:\/\/www.lifestylehotels.net\/wp-content\/uploads\/2026\/03\/LSH-Oster-Gewinnspiel-Slider-01-1.jpg","type":"image\/jpeg"}],"twitter_card":"summary_large_image","twitter_misc":{"Gesch\u00e4tzte Lesezeit":"4\u00a0Minuten"},"schema":{"@context":"https:\/\/schema.org","@graph":[{"@type":"WebPage","@id":"https:\/\/www.lifestylehotels.net\/de\/oster-gewinnspiel\/","url":"https:\/\/www.lifestylehotels.net\/de\/oster-gewinnspiel\/","name":"Oster Gewinnspiel - Lifestylehotels\u2122","isPartOf":{"@id":"https:\/\/www.lifestylehotels.net\/de\/#website"},"datePublished":"2025-04-03T09:34:47+00:00","dateModified":"2026-04-05T22:47:56+00:00","description":"Nehmen Sie vom 29. M\u00e4rz - 5. April jeden Tag am Oster Gewinnspiel teil. Mit ein bisschen Gl\u00fcck k\u00f6nnen Sie gewinnen ...","breadcrumb":{"@id":"https:\/\/www.lifestylehotels.net\/de\/oster-gewinnspiel\/#breadcrumb"},"inLanguage":"de","potentialAction":[{"@type":"ReadAction","target":["https:\/\/www.lifestylehotels.net\/de\/oster-gewinnspiel\/"]}]},{"@type":"BreadcrumbList","@id":"https:\/\/www.lifestylehotels.net\/de\/oster-gewinnspiel\/#breadcrumb","itemListElement":[{"@type":"ListItem","position":1,"name":"Startseite","item":"https:\/\/www.lifestylehotels.net\/de\/"},{"@type":"ListItem","position":2,"name":"Oster Gewinnspiel"}]},{"@type":"WebSite","@id":"https:\/\/www.lifestylehotels.net\/de\/#website","url":"https:\/\/www.lifestylehotels.net\/de\/","name":"Lifestylehotels\u2122","description":"","potentialAction":[{"@type":"SearchAction","target":{"@type":"EntryPoint","urlTemplate":"https:\/\/www.lifestylehotels.net\/de\/?s={search_term_string}"},"query-input":"required name=search_term_string"}],"inLanguage":"de"}]}},"jetpack_sharing_enabled":true,"_links":{"self":[{"href":"https:\/\/www.lifestylehotels.net\/de\/wp-json\/wp\/v2\/pages\/403288"}],"collection":[{"href":"https:\/\/www.lifestylehotels.net\/de\/wp-json\/wp\/v2\/pages"}],"about":[{"href":"https:\/\/www.lifestylehotels.net\/de\/wp-json\/wp\/v2\/types\/page"}],"author":[{"embeddable":true,"href":"https:\/\/www.lifestylehotels.net\/de\/wp-json\/wp\/v2\/users\/4"}],"replies":[{"embeddable":true,"href":"https:\/\/www.lifestylehotels.net\/de\/wp-json\/wp\/v2\/comments?post=403288"}],"version-history":[{"count":147,"href":"https:\/\/www.lifestylehotels.net\/de\/wp-json\/wp\/v2\/pages\/403288\/revisions"}],"predecessor-version":[{"id":1382289,"href":"https:\/\/www.lifestylehotels.net\/de\/wp-json\/wp\/v2\/pages\/403288\/revisions\/1382289"}],"wp:featuredmedia":[{"embeddable":true,"href":"https:\/\/www.lifestylehotels.net\/de\/wp-json\/wp\/v2\/media\/1337192"}],"wp:attachment":[{"href":"https:\/\/www.lifestylehotels.net\/de\/wp-json\/wp\/v2\/media?parent=403288"}],"curies":[{"name":"wp","href":"https:\/\/api.w.org\/{rel}","templated":true}]}}