{"id":51,"date":"2019-09-28T01:56:52","date_gmt":"2019-09-27T23:56:52","guid":{"rendered":"https:\/\/www.lifestylehotels.net\/?page_id=51"},"modified":"2020-02-05T10:33:49","modified_gmt":"2020-02-05T09:33:49","slug":"presse","status":"publish","type":"page","link":"https:\/\/www.lifestylehotels.net\/de\/presse\/","title":{"rendered":"Presse"},"content":{"rendered":"\n<h1 class=\"wp-block-heading\">Presseinformationen LIFESTYLEHOTELS<\/h1>\n","protected":false},"excerpt":{"rendered":"<p>Presseinformationen LIFESTYLEHOTELS<\/p>\n","protected":false},"author":9,"featured_media":0,"parent":0,"menu_order":73,"comment_status":"closed","ping_status":"closed","template":"","meta":{"inline_featured_image":false,"footnotes":""},"acf":[],"yoast_head":"<!-- This site is optimized with the Yoast SEO plugin v21.9.1 - https:\/\/yoast.com\/wordpress\/plugins\/seo\/ -->\n<title>Presse - Lifestylehotels\u2122<\/title>\n<meta name=\"description\" content=\"LIFESTYLEHOTELS Presse: handverlesene Auswahl an au\u00dfergew\u00f6hnlichen Hotels. Zeitgen\u00f6ssisches Design und ausgefallene Architektur f\u00fcr Anspruchsvolle.\" \/>\n<meta name=\"robots\" content=\"index, follow, max-snippet:-1, max-image-preview:large, max-video-preview:-1\" \/>\n<link rel=\"canonical\" href=\"https:\/\/www.lifestylehotels.net\/de\/presse\/\" \/>\n<meta property=\"og:locale\" content=\"de_DE\" \/>\n<meta property=\"og:type\" content=\"article\" \/>\n<meta property=\"og:title\" content=\"Presse - Lifestylehotels\u2122\" \/>\n<meta property=\"og:description\" content=\"LIFESTYLEHOTELS Presse: handverlesene Auswahl an au\u00dfergew\u00f6hnlichen Hotels. Zeitgen\u00f6ssisches Design und ausgefallene Architektur f\u00fcr Anspruchsvolle.\" \/>\n<meta property=\"og:url\" content=\"https:\/\/www.lifestylehotels.net\/de\/presse\/\" \/>\n<meta property=\"og:site_name\" content=\"Lifestylehotels\u2122\" \/>\n<meta property=\"article:modified_time\" content=\"2020-02-05T09:33:49+00:00\" \/>\n<meta name=\"twitter:card\" content=\"summary_large_image\" \/>\n<script type=\"application\/ld+json\" class=\"yoast-schema-graph\">{\"@context\":\"https:\/\/schema.org\",\"@graph\":[{\"@type\":\"WebPage\",\"@id\":\"https:\/\/www.lifestylehotels.net\/de\/presse\/\",\"url\":\"https:\/\/www.lifestylehotels.net\/de\/presse\/\",\"name\":\"Presse - Lifestylehotels\u2122\",\"isPartOf\":{\"@id\":\"https:\/\/www.lifestylehotels.net\/de\/#website\"},\"datePublished\":\"2019-09-27T23:56:52+00:00\",\"dateModified\":\"2020-02-05T09:33:49+00:00\",\"description\":\"LIFESTYLEHOTELS Presse: handverlesene Auswahl an au\u00dfergew\u00f6hnlichen Hotels. Zeitgen\u00f6ssisches Design und ausgefallene Architektur f\u00fcr Anspruchsvolle.\",\"breadcrumb\":{\"@id\":\"https:\/\/www.lifestylehotels.net\/de\/presse\/#breadcrumb\"},\"inLanguage\":\"de\",\"potentialAction\":[{\"@type\":\"ReadAction\",\"target\":[\"https:\/\/www.lifestylehotels.net\/de\/presse\/\"]}]},{\"@type\":\"BreadcrumbList\",\"@id\":\"https:\/\/www.lifestylehotels.net\/de\/presse\/#breadcrumb\",\"itemListElement\":[{\"@type\":\"ListItem\",\"position\":1,\"name\":\"Startseite\",\"item\":\"https:\/\/www.lifestylehotels.net\/de\/\"},{\"@type\":\"ListItem\",\"position\":2,\"name\":\"Presse\"}]},{\"@type\":\"WebSite\",\"@id\":\"https:\/\/www.lifestylehotels.net\/de\/#website\",\"url\":\"https:\/\/www.lifestylehotels.net\/de\/\",\"name\":\"Lifestylehotels\u2122\",\"description\":\"\",\"potentialAction\":[{\"@type\":\"SearchAction\",\"target\":{\"@type\":\"EntryPoint\",\"urlTemplate\":\"https:\/\/www.lifestylehotels.net\/de\/?s={search_term_string}\"},\"query-input\":\"required name=search_term_string\"}],\"inLanguage\":\"de\"}]}<\/script>\n<!-- \/ Yoast SEO plugin. -->","yoast_head_json":{"title":"Presse - Lifestylehotels\u2122","description":"LIFESTYLEHOTELS Presse: handverlesene Auswahl an au\u00dfergew\u00f6hnlichen Hotels. Zeitgen\u00f6ssisches Design und ausgefallene Architektur f\u00fcr Anspruchsvolle.","robots":{"index":"index","follow":"follow","max-snippet":"max-snippet:-1","max-image-preview":"max-image-preview:large","max-video-preview":"max-video-preview:-1"},"canonical":"https:\/\/www.lifestylehotels.net\/de\/presse\/","og_locale":"de_DE","og_type":"article","og_title":"Presse - Lifestylehotels\u2122","og_description":"LIFESTYLEHOTELS Presse: handverlesene Auswahl an au\u00dfergew\u00f6hnlichen Hotels. Zeitgen\u00f6ssisches Design und ausgefallene Architektur f\u00fcr Anspruchsvolle.","og_url":"https:\/\/www.lifestylehotels.net\/de\/presse\/","og_site_name":"Lifestylehotels\u2122","article_modified_time":"2020-02-05T09:33:49+00:00","twitter_card":"summary_large_image","schema":{"@context":"https:\/\/schema.org","@graph":[{"@type":"WebPage","@id":"https:\/\/www.lifestylehotels.net\/de\/presse\/","url":"https:\/\/www.lifestylehotels.net\/de\/presse\/","name":"Presse - Lifestylehotels\u2122","isPartOf":{"@id":"https:\/\/www.lifestylehotels.net\/de\/#website"},"datePublished":"2019-09-27T23:56:52+00:00","dateModified":"2020-02-05T09:33:49+00:00","description":"LIFESTYLEHOTELS Presse: handverlesene Auswahl an au\u00dfergew\u00f6hnlichen Hotels. Zeitgen\u00f6ssisches Design und ausgefallene Architektur f\u00fcr Anspruchsvolle.","breadcrumb":{"@id":"https:\/\/www.lifestylehotels.net\/de\/presse\/#breadcrumb"},"inLanguage":"de","potentialAction":[{"@type":"ReadAction","target":["https:\/\/www.lifestylehotels.net\/de\/presse\/"]}]},{"@type":"BreadcrumbList","@id":"https:\/\/www.lifestylehotels.net\/de\/presse\/#breadcrumb","itemListElement":[{"@type":"ListItem","position":1,"name":"Startseite","item":"https:\/\/www.lifestylehotels.net\/de\/"},{"@type":"ListItem","position":2,"name":"Presse"}]},{"@type":"WebSite","@id":"https:\/\/www.lifestylehotels.net\/de\/#website","url":"https:\/\/www.lifestylehotels.net\/de\/","name":"Lifestylehotels\u2122","description":"","potentialAction":[{"@type":"SearchAction","target":{"@type":"EntryPoint","urlTemplate":"https:\/\/www.lifestylehotels.net\/de\/?s={search_term_string}"},"query-input":"required name=search_term_string"}],"inLanguage":"de"}]}},"jetpack_sharing_enabled":true,"_links":{"self":[{"href":"https:\/\/www.lifestylehotels.net\/de\/wp-json\/wp\/v2\/pages\/51"}],"collection":[{"href":"https:\/\/www.lifestylehotels.net\/de\/wp-json\/wp\/v2\/pages"}],"about":[{"href":"https:\/\/www.lifestylehotels.net\/de\/wp-json\/wp\/v2\/types\/page"}],"author":[{"embeddable":true,"href":"https:\/\/www.lifestylehotels.net\/de\/wp-json\/wp\/v2\/users\/9"}],"replies":[{"embeddable":true,"href":"https:\/\/www.lifestylehotels.net\/de\/wp-json\/wp\/v2\/comments?post=51"}],"version-history":[{"count":3,"href":"https:\/\/www.lifestylehotels.net\/de\/wp-json\/wp\/v2\/pages\/51\/revisions"}],"predecessor-version":[{"id":35179,"href":"https:\/\/www.lifestylehotels.net\/de\/wp-json\/wp\/v2\/pages\/51\/revisions\/35179"}],"wp:attachment":[{"href":"https:\/\/www.lifestylehotels.net\/de\/wp-json\/wp\/v2\/media?parent=51"}],"curies":[{"name":"wp","href":"https:\/\/api.w.org\/{rel}","templated":true}]}}