{"id":55,"date":"2019-09-28T01:57:16","date_gmt":"2019-09-27T23:57:16","guid":{"rendered":"https:\/\/www.lifestylehotels.net\/?page_id=55"},"modified":"2021-08-04T12:27:21","modified_gmt":"2021-08-04T10:27:21","slug":"datenschutz","status":"publish","type":"page","link":"https:\/\/www.lifestylehotels.net\/de\/datenschutz\/","title":{"rendered":"Datenschutz"},"content":{"rendered":"\n<p><a href=\"https:\/\/www.lifestylehotels.net\/wp-content\/uploads\/2021\/08\/PRIMETIME_Datenschutzerklaerung_2021_DE.pdf\" target=\"_blank\" rel=\"noreferrer noopener\">Datenschutzerkl\u00e4rung des Unternehmens: <strong>Download<\/strong><\/a><\/p>\n","protected":false},"excerpt":{"rendered":"<p>Datenschutzerkl\u00e4rung des Unternehmens: Download<\/p>\n","protected":false},"author":9,"featured_media":0,"parent":0,"menu_order":70,"comment_status":"closed","ping_status":"closed","template":"","meta":{"inline_featured_image":false,"footnotes":""},"acf":[],"yoast_head":"<!-- This site is optimized with the Yoast SEO plugin v21.9.1 - https:\/\/yoast.com\/wordpress\/plugins\/seo\/ -->\n<title>Datenschutzerkl\u00e4rung LIFESTYLEHOTELS<\/title>\n<meta name=\"description\" content=\"Datenschutzerkl\u00e4rung: LIFESTYLEHOTELS, eine handverlesene Auswahl an au\u00dfergew\u00f6hnlichen Hotels mit zeitgen\u00f6ssischem Design und ausgefallener Architektur.\" \/>\n<meta name=\"robots\" content=\"index, follow, max-snippet:-1, max-image-preview:large, max-video-preview:-1\" \/>\n<link rel=\"canonical\" href=\"https:\/\/www.lifestylehotels.net\/de\/datenschutz\/\" \/>\n<meta property=\"og:locale\" content=\"de_DE\" \/>\n<meta property=\"og:type\" content=\"article\" \/>\n<meta property=\"og:title\" content=\"Datenschutzerkl\u00e4rung LIFESTYLEHOTELS\" \/>\n<meta property=\"og:description\" content=\"Datenschutzerkl\u00e4rung: LIFESTYLEHOTELS, eine handverlesene Auswahl an au\u00dfergew\u00f6hnlichen Hotels mit zeitgen\u00f6ssischem Design und ausgefallener Architektur.\" \/>\n<meta property=\"og:url\" content=\"https:\/\/www.lifestylehotels.net\/de\/datenschutz\/\" \/>\n<meta property=\"og:site_name\" content=\"Lifestylehotels\u2122\" \/>\n<meta property=\"article:modified_time\" content=\"2021-08-04T10:27:21+00:00\" \/>\n<meta name=\"twitter:card\" content=\"summary_large_image\" \/>\n<meta name=\"twitter:label1\" content=\"Gesch\u00e4tzte Lesezeit\" \/>\n\t<meta name=\"twitter:data1\" content=\"1\u00a0Minute\" \/>\n<script type=\"application\/ld+json\" class=\"yoast-schema-graph\">{\"@context\":\"https:\/\/schema.org\",\"@graph\":[{\"@type\":\"WebPage\",\"@id\":\"https:\/\/www.lifestylehotels.net\/de\/datenschutz\/\",\"url\":\"https:\/\/www.lifestylehotels.net\/de\/datenschutz\/\",\"name\":\"Datenschutzerkl\u00e4rung LIFESTYLEHOTELS\",\"isPartOf\":{\"@id\":\"https:\/\/www.lifestylehotels.net\/de\/#website\"},\"datePublished\":\"2019-09-27T23:57:16+00:00\",\"dateModified\":\"2021-08-04T10:27:21+00:00\",\"description\":\"Datenschutzerkl\u00e4rung: LIFESTYLEHOTELS, eine handverlesene Auswahl an au\u00dfergew\u00f6hnlichen Hotels mit zeitgen\u00f6ssischem Design und ausgefallener Architektur.\",\"breadcrumb\":{\"@id\":\"https:\/\/www.lifestylehotels.net\/de\/datenschutz\/#breadcrumb\"},\"inLanguage\":\"de\",\"potentialAction\":[{\"@type\":\"ReadAction\",\"target\":[\"https:\/\/www.lifestylehotels.net\/de\/datenschutz\/\"]}]},{\"@type\":\"BreadcrumbList\",\"@id\":\"https:\/\/www.lifestylehotels.net\/de\/datenschutz\/#breadcrumb\",\"itemListElement\":[{\"@type\":\"ListItem\",\"position\":1,\"name\":\"Startseite\",\"item\":\"https:\/\/www.lifestylehotels.net\/de\/\"},{\"@type\":\"ListItem\",\"position\":2,\"name\":\"Datenschutz\"}]},{\"@type\":\"WebSite\",\"@id\":\"https:\/\/www.lifestylehotels.net\/de\/#website\",\"url\":\"https:\/\/www.lifestylehotels.net\/de\/\",\"name\":\"Lifestylehotels\u2122\",\"description\":\"\",\"potentialAction\":[{\"@type\":\"SearchAction\",\"target\":{\"@type\":\"EntryPoint\",\"urlTemplate\":\"https:\/\/www.lifestylehotels.net\/de\/?s={search_term_string}\"},\"query-input\":\"required name=search_term_string\"}],\"inLanguage\":\"de\"}]}<\/script>\n<!-- \/ Yoast SEO plugin. -->","yoast_head_json":{"title":"Datenschutzerkl\u00e4rung LIFESTYLEHOTELS","description":"Datenschutzerkl\u00e4rung: LIFESTYLEHOTELS, eine handverlesene Auswahl an au\u00dfergew\u00f6hnlichen Hotels mit zeitgen\u00f6ssischem Design und ausgefallener Architektur.","robots":{"index":"index","follow":"follow","max-snippet":"max-snippet:-1","max-image-preview":"max-image-preview:large","max-video-preview":"max-video-preview:-1"},"canonical":"https:\/\/www.lifestylehotels.net\/de\/datenschutz\/","og_locale":"de_DE","og_type":"article","og_title":"Datenschutzerkl\u00e4rung LIFESTYLEHOTELS","og_description":"Datenschutzerkl\u00e4rung: LIFESTYLEHOTELS, eine handverlesene Auswahl an au\u00dfergew\u00f6hnlichen Hotels mit zeitgen\u00f6ssischem Design und ausgefallener Architektur.","og_url":"https:\/\/www.lifestylehotels.net\/de\/datenschutz\/","og_site_name":"Lifestylehotels\u2122","article_modified_time":"2021-08-04T10:27:21+00:00","twitter_card":"summary_large_image","twitter_misc":{"Gesch\u00e4tzte Lesezeit":"1\u00a0Minute"},"schema":{"@context":"https:\/\/schema.org","@graph":[{"@type":"WebPage","@id":"https:\/\/www.lifestylehotels.net\/de\/datenschutz\/","url":"https:\/\/www.lifestylehotels.net\/de\/datenschutz\/","name":"Datenschutzerkl\u00e4rung LIFESTYLEHOTELS","isPartOf":{"@id":"https:\/\/www.lifestylehotels.net\/de\/#website"},"datePublished":"2019-09-27T23:57:16+00:00","dateModified":"2021-08-04T10:27:21+00:00","description":"Datenschutzerkl\u00e4rung: LIFESTYLEHOTELS, eine handverlesene Auswahl an au\u00dfergew\u00f6hnlichen Hotels mit zeitgen\u00f6ssischem Design und ausgefallener Architektur.","breadcrumb":{"@id":"https:\/\/www.lifestylehotels.net\/de\/datenschutz\/#breadcrumb"},"inLanguage":"de","potentialAction":[{"@type":"ReadAction","target":["https:\/\/www.lifestylehotels.net\/de\/datenschutz\/"]}]},{"@type":"BreadcrumbList","@id":"https:\/\/www.lifestylehotels.net\/de\/datenschutz\/#breadcrumb","itemListElement":[{"@type":"ListItem","position":1,"name":"Startseite","item":"https:\/\/www.lifestylehotels.net\/de\/"},{"@type":"ListItem","position":2,"name":"Datenschutz"}]},{"@type":"WebSite","@id":"https:\/\/www.lifestylehotels.net\/de\/#website","url":"https:\/\/www.lifestylehotels.net\/de\/","name":"Lifestylehotels\u2122","description":"","potentialAction":[{"@type":"SearchAction","target":{"@type":"EntryPoint","urlTemplate":"https:\/\/www.lifestylehotels.net\/de\/?s={search_term_string}"},"query-input":"required name=search_term_string"}],"inLanguage":"de"}]}},"jetpack_sharing_enabled":true,"_links":{"self":[{"href":"https:\/\/www.lifestylehotels.net\/de\/wp-json\/wp\/v2\/pages\/55"}],"collection":[{"href":"https:\/\/www.lifestylehotels.net\/de\/wp-json\/wp\/v2\/pages"}],"about":[{"href":"https:\/\/www.lifestylehotels.net\/de\/wp-json\/wp\/v2\/types\/page"}],"author":[{"embeddable":true,"href":"https:\/\/www.lifestylehotels.net\/de\/wp-json\/wp\/v2\/users\/9"}],"replies":[{"embeddable":true,"href":"https:\/\/www.lifestylehotels.net\/de\/wp-json\/wp\/v2\/comments?post=55"}],"version-history":[{"count":2,"href":"https:\/\/www.lifestylehotels.net\/de\/wp-json\/wp\/v2\/pages\/55\/revisions"}],"predecessor-version":[{"id":51334,"href":"https:\/\/www.lifestylehotels.net\/de\/wp-json\/wp\/v2\/pages\/55\/revisions\/51334"}],"wp:attachment":[{"href":"https:\/\/www.lifestylehotels.net\/de\/wp-json\/wp\/v2\/media?parent=55"}],"curies":[{"name":"wp","href":"https:\/\/api.w.org\/{rel}","templated":true}]}}