{"id":56070,"date":"2022-02-16T16:07:50","date_gmt":"2022-02-16T15:07:50","guid":{"rendered":"https:\/\/www.lifestylehotels.net\/?page_id=56070"},"modified":"2022-02-18T15:18:58","modified_gmt":"2022-02-18T14:18:58","slug":"schweden","status":"publish","type":"page","link":"https:\/\/www.lifestylehotels.net\/de\/schweden\/","title":{"rendered":"Schweden"},"content":{"rendered":"\n<h1 class=\"wp-block-heading\">Schweden<\/h1>\n\n\n\n<p>Wer auf der Suche nach neuen Erlebnissen und faszinierenden Eindr\u00fccken ist, der hat mit Schweden das richtige Urlaubziel gefunden. Aber das skandinavische Land ist auch f\u00fcr Design und Architektur bekannt \u2013 das Lifestylehotels Member Hotel in Lappland, ungef\u00e4hr 100 Kilometer s\u00fcdlich des Polarkreises, ist wohl das ungew\u00f6hnlichste Designhotel Schwedens.<\/p>\n","protected":false},"excerpt":{"rendered":"<p>Schweden Wer auf der Suche nach neuen Erlebnissen und faszinierenden Eindr\u00fccken ist, der hat mit Schweden das richtige Urlaubziel gefunden. Aber das skandinavische Land ist auch f\u00fcr Design und Architektur bekannt \u2013 das Lifestylehotels Member Hotel in Lappland, ungef\u00e4hr 100 Kilometer s\u00fcdlich des Polarkreises, ist wohl das ungew\u00f6hnlichste Designhotel Schwedens.<\/p>\n","protected":false},"author":9,"featured_media":56167,"parent":0,"menu_order":2,"comment_status":"closed","ping_status":"closed","template":"templatedestination.php","meta":{"inline_featured_image":false,"footnotes":""},"acf":[],"yoast_head":"<!-- This site is optimized with the Yoast SEO plugin v21.9.1 - https:\/\/yoast.com\/wordpress\/plugins\/seo\/ -->\n<title>Schweden - Lifestylehotels\u2122<\/title>\n<meta name=\"description\" content=\"Wer auf der Suche nach neuen Erlebnissen und faszinierenden Eindr\u00fccken ist, der hat mit Schweden das richtige Urlaubziel gefunden.\" \/>\n<meta name=\"robots\" content=\"index, follow, max-snippet:-1, max-image-preview:large, max-video-preview:-1\" \/>\n<link rel=\"canonical\" href=\"https:\/\/www.lifestylehotels.net\/de\/schweden\/\" \/>\n<meta property=\"og:locale\" content=\"de_DE\" \/>\n<meta property=\"og:type\" content=\"article\" \/>\n<meta property=\"og:title\" content=\"Schweden - Lifestylehotels\u2122\" \/>\n<meta property=\"og:description\" content=\"Wer auf der Suche nach neuen Erlebnissen und faszinierenden Eindr\u00fccken ist, der hat mit Schweden das richtige Urlaubziel gefunden.\" \/>\n<meta property=\"og:url\" content=\"https:\/\/www.lifestylehotels.net\/de\/schweden\/\" \/>\n<meta property=\"og:site_name\" content=\"Lifestylehotels\u2122\" \/>\n<meta property=\"article:modified_time\" content=\"2022-02-18T14:18:58+00:00\" \/>\n<meta property=\"og:image\" content=\"https:\/\/www.lifestylehotels.net\/wp-content\/uploads\/2022\/02\/Schweden_Destination.jpg\" \/>\n\t<meta property=\"og:image:width\" content=\"1040\" \/>\n\t<meta property=\"og:image:height\" content=\"1388\" \/>\n\t<meta property=\"og:image:type\" content=\"image\/jpeg\" \/>\n<meta name=\"twitter:card\" content=\"summary_large_image\" \/>\n<meta name=\"twitter:label1\" content=\"Gesch\u00e4tzte Lesezeit\" \/>\n\t<meta name=\"twitter:data1\" content=\"1\u00a0Minute\" \/>\n<script type=\"application\/ld+json\" class=\"yoast-schema-graph\">{\"@context\":\"https:\/\/schema.org\",\"@graph\":[{\"@type\":\"WebPage\",\"@id\":\"https:\/\/www.lifestylehotels.net\/de\/schweden\/\",\"url\":\"https:\/\/www.lifestylehotels.net\/de\/schweden\/\",\"name\":\"Schweden - Lifestylehotels\u2122\",\"isPartOf\":{\"@id\":\"https:\/\/www.lifestylehotels.net\/de\/#website\"},\"datePublished\":\"2022-02-16T15:07:50+00:00\",\"dateModified\":\"2022-02-18T14:18:58+00:00\",\"description\":\"Wer auf der Suche nach neuen Erlebnissen und faszinierenden Eindr\u00fccken ist, der hat mit Schweden das richtige Urlaubziel gefunden.\",\"breadcrumb\":{\"@id\":\"https:\/\/www.lifestylehotels.net\/de\/schweden\/#breadcrumb\"},\"inLanguage\":\"de\",\"potentialAction\":[{\"@type\":\"ReadAction\",\"target\":[\"https:\/\/www.lifestylehotels.net\/de\/schweden\/\"]}]},{\"@type\":\"BreadcrumbList\",\"@id\":\"https:\/\/www.lifestylehotels.net\/de\/schweden\/#breadcrumb\",\"itemListElement\":[{\"@type\":\"ListItem\",\"position\":1,\"name\":\"Startseite\",\"item\":\"https:\/\/www.lifestylehotels.net\/de\/\"},{\"@type\":\"ListItem\",\"position\":2,\"name\":\"Schweden\"}]},{\"@type\":\"WebSite\",\"@id\":\"https:\/\/www.lifestylehotels.net\/de\/#website\",\"url\":\"https:\/\/www.lifestylehotels.net\/de\/\",\"name\":\"Lifestylehotels\u2122\",\"description\":\"\",\"potentialAction\":[{\"@type\":\"SearchAction\",\"target\":{\"@type\":\"EntryPoint\",\"urlTemplate\":\"https:\/\/www.lifestylehotels.net\/de\/?s={search_term_string}\"},\"query-input\":\"required name=search_term_string\"}],\"inLanguage\":\"de\"}]}<\/script>\n<!-- \/ Yoast SEO plugin. -->","yoast_head_json":{"title":"Schweden - Lifestylehotels\u2122","description":"Wer auf der Suche nach neuen Erlebnissen und faszinierenden Eindr\u00fccken ist, der hat mit Schweden das richtige Urlaubziel gefunden.","robots":{"index":"index","follow":"follow","max-snippet":"max-snippet:-1","max-image-preview":"max-image-preview:large","max-video-preview":"max-video-preview:-1"},"canonical":"https:\/\/www.lifestylehotels.net\/de\/schweden\/","og_locale":"de_DE","og_type":"article","og_title":"Schweden - Lifestylehotels\u2122","og_description":"Wer auf der Suche nach neuen Erlebnissen und faszinierenden Eindr\u00fccken ist, der hat mit Schweden das richtige Urlaubziel gefunden.","og_url":"https:\/\/www.lifestylehotels.net\/de\/schweden\/","og_site_name":"Lifestylehotels\u2122","article_modified_time":"2022-02-18T14:18:58+00:00","og_image":[{"width":1040,"height":1388,"url":"https:\/\/www.lifestylehotels.net\/wp-content\/uploads\/2022\/02\/Schweden_Destination.jpg","type":"image\/jpeg"}],"twitter_card":"summary_large_image","twitter_misc":{"Gesch\u00e4tzte Lesezeit":"1\u00a0Minute"},"schema":{"@context":"https:\/\/schema.org","@graph":[{"@type":"WebPage","@id":"https:\/\/www.lifestylehotels.net\/de\/schweden\/","url":"https:\/\/www.lifestylehotels.net\/de\/schweden\/","name":"Schweden - Lifestylehotels\u2122","isPartOf":{"@id":"https:\/\/www.lifestylehotels.net\/de\/#website"},"datePublished":"2022-02-16T15:07:50+00:00","dateModified":"2022-02-18T14:18:58+00:00","description":"Wer auf der Suche nach neuen Erlebnissen und faszinierenden Eindr\u00fccken ist, der hat mit Schweden das richtige Urlaubziel gefunden.","breadcrumb":{"@id":"https:\/\/www.lifestylehotels.net\/de\/schweden\/#breadcrumb"},"inLanguage":"de","potentialAction":[{"@type":"ReadAction","target":["https:\/\/www.lifestylehotels.net\/de\/schweden\/"]}]},{"@type":"BreadcrumbList","@id":"https:\/\/www.lifestylehotels.net\/de\/schweden\/#breadcrumb","itemListElement":[{"@type":"ListItem","position":1,"name":"Startseite","item":"https:\/\/www.lifestylehotels.net\/de\/"},{"@type":"ListItem","position":2,"name":"Schweden"}]},{"@type":"WebSite","@id":"https:\/\/www.lifestylehotels.net\/de\/#website","url":"https:\/\/www.lifestylehotels.net\/de\/","name":"Lifestylehotels\u2122","description":"","potentialAction":[{"@type":"SearchAction","target":{"@type":"EntryPoint","urlTemplate":"https:\/\/www.lifestylehotels.net\/de\/?s={search_term_string}"},"query-input":"required name=search_term_string"}],"inLanguage":"de"}]}},"jetpack_sharing_enabled":true,"_links":{"self":[{"href":"https:\/\/www.lifestylehotels.net\/de\/wp-json\/wp\/v2\/pages\/56070"}],"collection":[{"href":"https:\/\/www.lifestylehotels.net\/de\/wp-json\/wp\/v2\/pages"}],"about":[{"href":"https:\/\/www.lifestylehotels.net\/de\/wp-json\/wp\/v2\/types\/page"}],"author":[{"embeddable":true,"href":"https:\/\/www.lifestylehotels.net\/de\/wp-json\/wp\/v2\/users\/9"}],"replies":[{"embeddable":true,"href":"https:\/\/www.lifestylehotels.net\/de\/wp-json\/wp\/v2\/comments?post=56070"}],"version-history":[{"count":9,"href":"https:\/\/www.lifestylehotels.net\/de\/wp-json\/wp\/v2\/pages\/56070\/revisions"}],"predecessor-version":[{"id":56541,"href":"https:\/\/www.lifestylehotels.net\/de\/wp-json\/wp\/v2\/pages\/56070\/revisions\/56541"}],"wp:featuredmedia":[{"embeddable":true,"href":"https:\/\/www.lifestylehotels.net\/de\/wp-json\/wp\/v2\/media\/56167"}],"wp:attachment":[{"href":"https:\/\/www.lifestylehotels.net\/de\/wp-json\/wp\/v2\/media?parent=56070"}],"curies":[{"name":"wp","href":"https:\/\/api.w.org\/{rel}","templated":true}]}}