{"id":90058,"date":"2023-03-04T00:00:00","date_gmt":"2023-03-03T23:00:00","guid":{"rendered":"https:\/\/www.lifestylehotels.net\/?page_id=90058"},"modified":"2026-03-19T16:26:00","modified_gmt":"2026-03-19T15:26:00","slug":"datenschutzerklaerung-und-teilnahmebedingungen-oster-gewinnspiel-2026","status":"publish","type":"page","link":"https:\/\/www.lifestylehotels.net\/de\/datenschutzerklaerung-und-teilnahmebedingungen-oster-gewinnspiel-2026\/","title":{"rendered":"Datenschutzerkl\u00e4rung und Teilnahmebedingung Oster Gewinnspiel 2026"},"content":{"rendered":"\n<h2 class=\"wp-block-heading\">Datenschutzerkl\u00e4rung<\/h2>\n\n\n\n<p>Die Prime Time Touristik &amp; Marketing GmbH gew\u00e4hrt im Rahmen des Gewinnspiels den gr\u00f6\u00dftm\u00f6glichen datenschutzrechtlichen Standard und beachtet alle diesbez\u00fcglich einschl\u00e4gigen gesetzlichen Bestimmungen.<\/p>\n\n\n\n<p>Mit der Gewinnspielteilnahme am Oster Gewinnspiel 2026 erkl\u00e4rt sich der\/die TeilnehmerIn ausdr\u00fccklich damit einverstanden, dass die Prime Time Touristik &amp; Marketing GmbH, Schmiedgasse 38, 8010 Graz, \u00d6sterreich, die unter der Marke <strong>Lifestylehotels\u2122<\/strong> auftritt, die dazu erforderlichen Daten zum Zwecke der Abwicklung des Gewinnspiels speichert.<\/p>\n\n\n\n<p>Der Teilnehmer willigt ein, dass die auf dieser Anmeldung angefragten Daten auf der Website gespeichert werden und zum Zwecke seiner Information \u00fcber Bewerbung von Produkten, Dienstleistungen, Werbezwecken und sonstigen Aktivit\u00e4ten der Prime Time Touristik &amp; Marketing GmbH und den Gewinnspielpartnern des <strong>Lifestylehotels\u2122<\/strong> Oster Gewinnspiels in schriftlicher und elektronischer Form verarbeitet und genutzt werden d\u00fcrfen.<\/p>\n\n\n\n<p>Weiters best\u00e4tigt der Teilnehmer, die angef\u00fchrten Teilnahmebedingungen f\u00fcr das <strong>Lifestylehotels\u2122<\/strong> Oster Gewinnspiel gelesen zu haben und stimmt diesen zu. Die Zustimmung kann vom Teilnehmer jederzeit schriftlich widerrufen werden. Im Fall des Widerrufs nimmt der Teilnehmer am <strong>Lifestylehotels\u2122<\/strong> Oster Gewinnspiel nicht mehr teil.<\/p>\n\n\n\n<p>Bei Fragen kontaktieren Sie uns bitte:<\/p>\n\n\n\n<p><strong>Lifestylehotels\u2122<\/strong> an official brand of<br>Prime Time Touristik &amp; Marketing GmbH<\/p>\n\n\n\n<p>Schmiedgasse 38<br>8010 Graz<br>\u00d6sterreich<br>T.+43-316-83 88 88<br>F.+43-316-83 88 88 &#8211; 13<br>office@lifestylehotels.net<br>www.lifestylehotels.net<\/p>\n\n\n\n<p>Mit der Teilnahme am <strong>Lifestylehotels\u2122<\/strong> Oster Gewinnspiel akzeptiert der\/die TeilnehmerIn diese Datenschutzerkl\u00e4rung.<\/p>\n\n\n\n<p>Graz, M\u00e4rz 2026<\/p>\n\n\n\n<hr class=\"wp-block-separator has-text-color has-black-color has-css-opacity has-black-background-color has-background is-style-wide\"\/>\n\n\n\n<h2 class=\"wp-block-heading\">Teilnahmebedingungen<\/h2>\n\n\n\n<p><strong>Ausrichter des Gewinnspiels<\/strong><\/p>\n\n\n\n<p>Ausrichter dieses Gewinnspieles ist die Prime Time Touristik &amp; Marketing GmbH, Schmiedgasse 38, 8010 Graz, \u00d6sterreich, die unter der Marke <strong>Lifestylehotels\u2122<\/strong> auftritt.<\/p>\n\n\n\n<p><strong>Teilnahmeberechtigung<\/strong><br>Die Teilnahme an der Promotion erfolgt \u00fcber die Anwendung \u201eOster Gewinnspiel 2026\u201c auf der <strong>Lifestylehotels\u2122<\/strong>-Website (www.lifestylehotels.net) sowie auf den <strong>Lifestylehotels\u2122<\/strong> Meta Platforms. Teilnahmeberechtigt sind Personen ab 18 Jahre. Ausgenommen sind MitarbeiterInnen der Prime Time Touristik &amp; Marketing GmbH sowie MitarbeiterInnen der einzelnen Gewinnspielpartner des <strong>Lifestylehotels\u2122<\/strong> Gewinnspiels. Die Teilnahme am Gewinnspiel ist nur \u00fcber das Teilnahme-Formular im Internet oder auf Meta Platforms m\u00f6glich. Der Teilnehmer\/die Teilnehmerin muss seine\/ihre Daten selbst angeben. Die Angabe der Daten ist notwendig, um im Erfolgsfall die Teilnehmerin\/den Teilnehmer \u00fcber den Gewinn zu informieren. Der Rechtsweg ist ausgeschlossen.<\/p>\n\n\n\n<p><strong>Gewinnspieldauer<\/strong><br>Das Gewinnspiel l\u00e4uft vom 29.3.2026 (00:00 Uhr GMT) bis einschlie\u00dflich 05.40.2026 (23:59 Uhr GMT).<\/p>\n\n\n\n<p><strong>Gewinn und Feststellung des Gewinners\/der Gewinnerin<\/strong><\/p>\n\n\n\n<p>Jeden Tag findet ein Gewinnspiel statt und es werden t\u00e4glich Preise unter allen TeilnehmerInnen verlost. Die Teilnahme eines vorangegangenen Fensters im Gewinnspielzeitraum ist nicht m\u00f6glich. Unter allen berechtigten TeilnehmerInnen wird t\u00e4glich ein Gewinn verlost. Folgende Gewinne werden verlost (Auswahl):<\/p>\n\n\n\n<ul>\n<li>Hotelaufenthalte in verschiedenen <strong>Lifestylehotels\u2122<\/strong> Members<\/li>\n<\/ul>\n\n\n\n<p>Gutscheine und Hotelaufenthalte sind grunds\u00e4tzlich innerhalb eines Jahres, und auf Anfrage und nach Verf\u00fcgbarkeit einl\u00f6sbar. Ausgenommen davon sind im Allgemeinen Feiertagsperioden, Weihnachten und Silvester. Einige Gewinne sind nur einen begrenzten Zeitraum einl\u00f6sbar (zB nur in der Nebensaison, nicht \u00fcber das Wochenende etc); der\/die Gewinner\/In wird hier aber separat \u00fcber den konkreten Einl\u00f6sezeitraum per E-Mail benachrichtigt.<\/p>\n\n\n\n<p><strong>Benachrichtigung<\/strong><\/p>\n\n\n\n<p>Die GewinnerInnen werden unter Ausschluss der \u00d6ffentlichkeit gezogen und am folgenden Werktag von <strong>Lifestylehotels\u2122<\/strong> \u00fcber den Ausgang der Ziehung per E-Mail benachrichtigt. Diese Benachrichtigung erfolgt \u00fcber die im Gewinnspielformular angegebene E-Mail-Adresse.<\/p>\n\n\n\n<p>Eine Barauszahlung oder Auszahlung in Sachwerten ist nicht m\u00f6glich. Mit dem Absenden des Teilnehmerformulars erkl\u00e4rt sich jede\/r TeilnehmerIn im Gewinnfall damit einverstanden, dass ihr\/sein Name im Internet auf www.lifestylehotels.net und auf den <strong>Lifestylehotels\u2122<\/strong> Meta Platforms ver\u00f6ffentlicht wird.<\/p>\n\n\n\n<p><strong>Ausschluss und vorzeitige Beendigung<\/strong><\/p>\n\n\n\n<p>TeilnehmerInnen, die im Verdacht von technischen Manipulationen des Gewinnspiels stehen, werden vom Gewinnspiel ausgeschlossen. Die Prime Time Touristik &amp; Marketing GmbH beh\u00e4lt sich das Recht vor, das Gewinnspiel jederzeit ohne Vorank\u00fcndigung und ohne Angabe von Gr\u00fcnden zu unterbrechen oder zu beenden, insbesondere wenn aus technischen oder rechtlichen Gr\u00fcnden eine ordnungsgem\u00e4\u00dfe Durchf\u00fchrung nicht gew\u00e4hrleistet werden kann.<\/p>\n\n\n\n<p><strong>Facebook-Richtlinien<\/strong><\/p>\n\n\n\n<p>Diese Promotion auf Meta wird in keiner Weise von Meta gesponsert, unterst\u00fctzt oder organisiert und steht in keiner Verbindung zu Meta. Der Empf\u00e4nger der von den TeilnehmerInnen bereitgestellten Informationen und Daten ist nicht Meta, sondern die Prime Time Touristik &amp; Marketing GmbH.<\/p>\n\n\n\n<p><strong>Haftung<\/strong><\/p>\n\n\n\n<p>Die Prime Time Touristik &amp; Marketing GmbH haftet, gleich aus welchem Rechtsgrund, nur, wenn ein Schaden auf grobe Fahrl\u00e4ssigkeit oder Vorsatz zur\u00fcckzuf\u00fchren ist oder bei schuldhafter Verletzung einer wesentlichen Pflicht bei der Gewinnspieldurchf\u00fchrung. Haftet die Prime Time Touristik &amp; Marketing GmbH gem\u00e4\u00df vorstehendem Absatz f\u00fcr die Verletzung einer Pflicht, ohne dass grobe Fahrl\u00e4ssigkeit und Vorsatz vorliegen, so ist die Haftung auf den Umfang begrenzt, mit dessen Entstehen der Gewinnspielausrichter im Zeitpunkt des Beginns des Gewinnspiels typischerweise rechnen musste.<\/p>\n\n\n\n<p>Die Prime Time Touristik &amp; Marketing GmbH wird mit der Aush\u00e4ndigung der Gewinne von allen Verpflichtungen frei, sofern sich aus diesen Bestimmungen nicht bereits ein fr\u00fcherer Zeitpunkt ergibt. Insbesondere haftet die Prime Time Touristik &amp; Marketing GmbH nicht f\u00fcr Sach- oder Rechtsm\u00e4ngel an den Gewinnen.<\/p>\n\n\n\n<p>Es ist ausschlie\u00dflich \u00f6sterreichisches Recht anwendbar. Sollten einzelne dieser Bestimmungen ung\u00fcltig sein oder werden, bleibt die G\u00fcltigkeit der \u00fcbrigen Teilnahmebestimmungen hiervon unber\u00fchrt. Diese Teilnahmebedingungen k\u00f6nnen jederzeit ohne Benachrichtigung ge\u00e4ndert werden. Mit der Teilnahme am <strong>Lifestylehotels\u2122<\/strong> Oster Gewinnspiel akzeptiert der\/die TeilnehmerIn diese Teilnahmebedingungen.<\/p>\n\n\n\n<p>Graz, M\u00e4rz 2026<\/p>\n","protected":false},"excerpt":{"rendered":"<p>Datenschutzerkl\u00e4rung Die Prime Time Touristik &amp; Marketing GmbH gew\u00e4hrt im Rahmen des Gewinnspiels den gr\u00f6\u00dftm\u00f6glichen datenschutzrechtlichen Standard und beachtet alle diesbez\u00fcglich einschl\u00e4gigen gesetzlichen Bestimmungen. Mit der Gewinnspielteilnahme am Oster Gewinnspiel 2026 erkl\u00e4rt sich der\/die TeilnehmerIn ausdr\u00fccklich damit einverstanden, dass die Prime Time Touristik &amp; Marketing GmbH, Schmiedgasse 38, 8010 Graz, \u00d6sterreich, die unter der Marke [&hellip;]<\/p>\n","protected":false},"author":4,"featured_media":0,"parent":0,"menu_order":0,"comment_status":"closed","ping_status":"closed","template":"","meta":{"inline_featured_image":false,"footnotes":""},"acf":[],"yoast_head":"<!-- This site is optimized with the Yoast SEO plugin v21.9.1 - https:\/\/yoast.com\/wordpress\/plugins\/seo\/ -->\n<title>Datenschutzerkl\u00e4rung und Teilnahmebedingung Lifestylehotels\u2122<\/title>\n<meta name=\"description\" content=\"Datenschutzerkl\u00e4rung und Teilnahmebedingung f\u00fcr die Teilnahme am OSTER GEWINNSPIEL 2026 von Lifestylehotels\u2122\" \/>\n<meta name=\"robots\" content=\"index, follow, max-snippet:-1, max-image-preview:large, max-video-preview:-1\" \/>\n<link rel=\"canonical\" href=\"https:\/\/www.lifestylehotels.net\/de\/datenschutzerklaerung-und-teilnahmebedingungen-oster-gewinnspiel-2026\/\" \/>\n<meta property=\"og:locale\" content=\"de_DE\" \/>\n<meta property=\"og:type\" content=\"article\" \/>\n<meta property=\"og:title\" content=\"Datenschutzerkl\u00e4rung und Teilnahmebedingung Lifestylehotels\u2122\" \/>\n<meta property=\"og:description\" content=\"Datenschutzerkl\u00e4rung und Teilnahmebedingung f\u00fcr die Teilnahme am OSTER GEWINNSPIEL 2026 von Lifestylehotels\u2122\" \/>\n<meta property=\"og:url\" content=\"https:\/\/www.lifestylehotels.net\/de\/datenschutzerklaerung-und-teilnahmebedingungen-oster-gewinnspiel-2026\/\" \/>\n<meta property=\"og:site_name\" content=\"Lifestylehotels\u2122\" \/>\n<meta property=\"article:modified_time\" content=\"2026-03-19T15:26:00+00:00\" \/>\n<meta name=\"twitter:card\" content=\"summary_large_image\" \/>\n<meta name=\"twitter:label1\" content=\"Gesch\u00e4tzte Lesezeit\" \/>\n\t<meta name=\"twitter:data1\" content=\"5\u00a0Minuten\" \/>\n<script type=\"application\/ld+json\" class=\"yoast-schema-graph\">{\"@context\":\"https:\/\/schema.org\",\"@graph\":[{\"@type\":\"WebPage\",\"@id\":\"https:\/\/www.lifestylehotels.net\/de\/datenschutzerklaerung-und-teilnahmebedingungen-oster-gewinnspiel-2026\/\",\"url\":\"https:\/\/www.lifestylehotels.net\/de\/datenschutzerklaerung-und-teilnahmebedingungen-oster-gewinnspiel-2026\/\",\"name\":\"Datenschutzerkl\u00e4rung und Teilnahmebedingung Lifestylehotels\u2122\",\"isPartOf\":{\"@id\":\"https:\/\/www.lifestylehotels.net\/de\/#website\"},\"datePublished\":\"2023-03-03T23:00:00+00:00\",\"dateModified\":\"2026-03-19T15:26:00+00:00\",\"description\":\"Datenschutzerkl\u00e4rung und Teilnahmebedingung f\u00fcr die Teilnahme am OSTER GEWINNSPIEL 2026 von Lifestylehotels\u2122\",\"breadcrumb\":{\"@id\":\"https:\/\/www.lifestylehotels.net\/de\/datenschutzerklaerung-und-teilnahmebedingungen-oster-gewinnspiel-2026\/#breadcrumb\"},\"inLanguage\":\"de\",\"potentialAction\":[{\"@type\":\"ReadAction\",\"target\":[\"https:\/\/www.lifestylehotels.net\/de\/datenschutzerklaerung-und-teilnahmebedingungen-oster-gewinnspiel-2026\/\"]}]},{\"@type\":\"BreadcrumbList\",\"@id\":\"https:\/\/www.lifestylehotels.net\/de\/datenschutzerklaerung-und-teilnahmebedingungen-oster-gewinnspiel-2026\/#breadcrumb\",\"itemListElement\":[{\"@type\":\"ListItem\",\"position\":1,\"name\":\"Startseite\",\"item\":\"https:\/\/www.lifestylehotels.net\/de\/\"},{\"@type\":\"ListItem\",\"position\":2,\"name\":\"Datenschutzerkl\u00e4rung und Teilnahmebedingung Oster Gewinnspiel 2026\"}]},{\"@type\":\"WebSite\",\"@id\":\"https:\/\/www.lifestylehotels.net\/de\/#website\",\"url\":\"https:\/\/www.lifestylehotels.net\/de\/\",\"name\":\"Lifestylehotels\u2122\",\"description\":\"\",\"potentialAction\":[{\"@type\":\"SearchAction\",\"target\":{\"@type\":\"EntryPoint\",\"urlTemplate\":\"https:\/\/www.lifestylehotels.net\/de\/?s={search_term_string}\"},\"query-input\":\"required name=search_term_string\"}],\"inLanguage\":\"de\"}]}<\/script>\n<!-- \/ Yoast SEO plugin. -->","yoast_head_json":{"title":"Datenschutzerkl\u00e4rung und Teilnahmebedingung Lifestylehotels\u2122","description":"Datenschutzerkl\u00e4rung und Teilnahmebedingung f\u00fcr die Teilnahme am OSTER GEWINNSPIEL 2026 von Lifestylehotels\u2122","robots":{"index":"index","follow":"follow","max-snippet":"max-snippet:-1","max-image-preview":"max-image-preview:large","max-video-preview":"max-video-preview:-1"},"canonical":"https:\/\/www.lifestylehotels.net\/de\/datenschutzerklaerung-und-teilnahmebedingungen-oster-gewinnspiel-2026\/","og_locale":"de_DE","og_type":"article","og_title":"Datenschutzerkl\u00e4rung und Teilnahmebedingung Lifestylehotels\u2122","og_description":"Datenschutzerkl\u00e4rung und Teilnahmebedingung f\u00fcr die Teilnahme am OSTER GEWINNSPIEL 2026 von Lifestylehotels\u2122","og_url":"https:\/\/www.lifestylehotels.net\/de\/datenschutzerklaerung-und-teilnahmebedingungen-oster-gewinnspiel-2026\/","og_site_name":"Lifestylehotels\u2122","article_modified_time":"2026-03-19T15:26:00+00:00","twitter_card":"summary_large_image","twitter_misc":{"Gesch\u00e4tzte Lesezeit":"5\u00a0Minuten"},"schema":{"@context":"https:\/\/schema.org","@graph":[{"@type":"WebPage","@id":"https:\/\/www.lifestylehotels.net\/de\/datenschutzerklaerung-und-teilnahmebedingungen-oster-gewinnspiel-2026\/","url":"https:\/\/www.lifestylehotels.net\/de\/datenschutzerklaerung-und-teilnahmebedingungen-oster-gewinnspiel-2026\/","name":"Datenschutzerkl\u00e4rung und Teilnahmebedingung Lifestylehotels\u2122","isPartOf":{"@id":"https:\/\/www.lifestylehotels.net\/de\/#website"},"datePublished":"2023-03-03T23:00:00+00:00","dateModified":"2026-03-19T15:26:00+00:00","description":"Datenschutzerkl\u00e4rung und Teilnahmebedingung f\u00fcr die Teilnahme am OSTER GEWINNSPIEL 2026 von Lifestylehotels\u2122","breadcrumb":{"@id":"https:\/\/www.lifestylehotels.net\/de\/datenschutzerklaerung-und-teilnahmebedingungen-oster-gewinnspiel-2026\/#breadcrumb"},"inLanguage":"de","potentialAction":[{"@type":"ReadAction","target":["https:\/\/www.lifestylehotels.net\/de\/datenschutzerklaerung-und-teilnahmebedingungen-oster-gewinnspiel-2026\/"]}]},{"@type":"BreadcrumbList","@id":"https:\/\/www.lifestylehotels.net\/de\/datenschutzerklaerung-und-teilnahmebedingungen-oster-gewinnspiel-2026\/#breadcrumb","itemListElement":[{"@type":"ListItem","position":1,"name":"Startseite","item":"https:\/\/www.lifestylehotels.net\/de\/"},{"@type":"ListItem","position":2,"name":"Datenschutzerkl\u00e4rung und Teilnahmebedingung Oster Gewinnspiel 2026"}]},{"@type":"WebSite","@id":"https:\/\/www.lifestylehotels.net\/de\/#website","url":"https:\/\/www.lifestylehotels.net\/de\/","name":"Lifestylehotels\u2122","description":"","potentialAction":[{"@type":"SearchAction","target":{"@type":"EntryPoint","urlTemplate":"https:\/\/www.lifestylehotels.net\/de\/?s={search_term_string}"},"query-input":"required name=search_term_string"}],"inLanguage":"de"}]}},"jetpack_sharing_enabled":true,"_links":{"self":[{"href":"https:\/\/www.lifestylehotels.net\/de\/wp-json\/wp\/v2\/pages\/90058"}],"collection":[{"href":"https:\/\/www.lifestylehotels.net\/de\/wp-json\/wp\/v2\/pages"}],"about":[{"href":"https:\/\/www.lifestylehotels.net\/de\/wp-json\/wp\/v2\/types\/page"}],"author":[{"embeddable":true,"href":"https:\/\/www.lifestylehotels.net\/de\/wp-json\/wp\/v2\/users\/4"}],"replies":[{"embeddable":true,"href":"https:\/\/www.lifestylehotels.net\/de\/wp-json\/wp\/v2\/comments?post=90058"}],"version-history":[{"count":17,"href":"https:\/\/www.lifestylehotels.net\/de\/wp-json\/wp\/v2\/pages\/90058\/revisions"}],"predecessor-version":[{"id":1337212,"href":"https:\/\/www.lifestylehotels.net\/de\/wp-json\/wp\/v2\/pages\/90058\/revisions\/1337212"}],"wp:attachment":[{"href":"https:\/\/www.lifestylehotels.net\/de\/wp-json\/wp\/v2\/media?parent=90058"}],"curies":[{"name":"wp","href":"https:\/\/api.w.org\/{rel}","templated":true}]}}