{"id":916825,"date":"2024-12-16T11:17:29","date_gmt":"2024-12-16T10:17:29","guid":{"rendered":"https:\/\/www.lifestylehotels.net\/?page_id=916825"},"modified":"2025-01-08T09:20:54","modified_gmt":"2025-01-08T08:20:54","slug":"japan","status":"publish","type":"page","link":"https:\/\/www.lifestylehotels.net\/de\/japan\/","title":{"rendered":"Japan"},"content":{"rendered":"\n<h1 class=\"wp-block-heading\">Japan<\/h1>\n\n\n\n<p>Japan ist ein Land der Kontraste, das alte Traditionen mit moderner Innovation vereint. Besucher k\u00f6nnen die ruhigen Tempel von Kyoto, die lebhaften Stra\u00dfen von Tokio und atemberaubende Landschaften wie den Fuji oder den Bambuswald von Arashiyama erkunden. Bekannt f\u00fcr seine herausragende Gastfreundschaft, bietet Japan vielf\u00e4ltige Erlebnisse \u2013 von Sushi-M\u00e4rkten bis hin zu erholsamen Onsen (hei\u00dfen Quellen). Saisonale Highlights wie die Kirschbl\u00fcte im Fr\u00fchling oder die leuchtenden Herbstfarben machen das Land zu einem zeitlosen Reiseziel.<\/p>\n","protected":false},"excerpt":{"rendered":"<p>Japan Japan ist ein Land der Kontraste, das alte Traditionen mit moderner Innovation vereint. Besucher k\u00f6nnen die ruhigen Tempel von Kyoto, die lebhaften Stra\u00dfen von Tokio und atemberaubende Landschaften wie den Fuji oder den Bambuswald von Arashiyama erkunden. Bekannt f\u00fcr seine herausragende Gastfreundschaft, bietet Japan vielf\u00e4ltige Erlebnisse \u2013 von Sushi-M\u00e4rkten bis hin zu erholsamen Onsen [&hellip;]<\/p>\n","protected":false},"author":4,"featured_media":916893,"parent":0,"menu_order":0,"comment_status":"closed","ping_status":"closed","template":"templatedestination.php","meta":{"inline_featured_image":false,"footnotes":""},"acf":[],"yoast_head":"<!-- This site is optimized with the Yoast SEO plugin v21.9.1 - https:\/\/yoast.com\/wordpress\/plugins\/seo\/ -->\n<title>Japan - Lifestylehotels\u2122<\/title>\n<meta name=\"description\" content=\"Japan ist ein Land der Kontraste, das alte Traditionen mit moderner Innovation vereint. Besucher k\u00f6nnen die ruhigen Tempel von Kyoto, die lebhaften Stra\u00dfen von Tokio und atemberaubende Landschaften wie den Fuji oder den Bambuswald von Arashiyama erkunden. Bekannt f\u00fcr seine herausragende Gastfreundschaft, bietet Japan vielf\u00e4ltige Erlebnisse \u2013 von Sushi-M\u00e4rkten bis hin zu erholsamen Onsen (hei\u00dfen Quellen). Saisonale Highlights wie die Kirschbl\u00fcte im Fr\u00fchling oder die leuchtenden Herbstfarben machen das Land zu einem zeitlosen Reiseziel.\" \/>\n<meta name=\"robots\" content=\"index, follow, max-snippet:-1, max-image-preview:large, max-video-preview:-1\" \/>\n<link rel=\"canonical\" href=\"https:\/\/www.lifestylehotels.net\/de\/japan\/\" \/>\n<meta property=\"og:locale\" content=\"de_DE\" \/>\n<meta property=\"og:type\" content=\"article\" \/>\n<meta property=\"og:title\" content=\"Japan - Lifestylehotels\u2122\" \/>\n<meta property=\"og:description\" content=\"Japan ist ein Land der Kontraste, das alte Traditionen mit moderner Innovation vereint. Besucher k\u00f6nnen die ruhigen Tempel von Kyoto, die lebhaften Stra\u00dfen von Tokio und atemberaubende Landschaften wie den Fuji oder den Bambuswald von Arashiyama erkunden. Bekannt f\u00fcr seine herausragende Gastfreundschaft, bietet Japan vielf\u00e4ltige Erlebnisse \u2013 von Sushi-M\u00e4rkten bis hin zu erholsamen Onsen (hei\u00dfen Quellen). Saisonale Highlights wie die Kirschbl\u00fcte im Fr\u00fchling oder die leuchtenden Herbstfarben machen das Land zu einem zeitlosen Reiseziel.\" \/>\n<meta property=\"og:url\" content=\"https:\/\/www.lifestylehotels.net\/de\/japan\/\" \/>\n<meta property=\"og:site_name\" content=\"Lifestylehotels\u2122\" \/>\n<meta property=\"article:modified_time\" content=\"2025-01-08T08:20:54+00:00\" \/>\n<meta property=\"og:image\" content=\"https:\/\/www.lifestylehotels.net\/wp-content\/uploads\/2024\/12\/erik-eastman-4HG5hlhmZg8-unsplash-scaled.jpg\" \/>\n\t<meta property=\"og:image:width\" content=\"1000\" \/>\n\t<meta property=\"og:image:height\" content=\"1500\" \/>\n\t<meta property=\"og:image:type\" content=\"image\/jpeg\" \/>\n<meta name=\"twitter:card\" content=\"summary_large_image\" \/>\n<meta name=\"twitter:label1\" content=\"Gesch\u00e4tzte Lesezeit\" \/>\n\t<meta name=\"twitter:data1\" content=\"2\u00a0Minuten\" \/>\n<script type=\"application\/ld+json\" class=\"yoast-schema-graph\">{\"@context\":\"https:\/\/schema.org\",\"@graph\":[{\"@type\":\"WebPage\",\"@id\":\"https:\/\/www.lifestylehotels.net\/de\/japan\/\",\"url\":\"https:\/\/www.lifestylehotels.net\/de\/japan\/\",\"name\":\"Japan - Lifestylehotels\u2122\",\"isPartOf\":{\"@id\":\"https:\/\/www.lifestylehotels.net\/de\/#website\"},\"datePublished\":\"2024-12-16T10:17:29+00:00\",\"dateModified\":\"2025-01-08T08:20:54+00:00\",\"description\":\"Japan ist ein Land der Kontraste, das alte Traditionen mit moderner Innovation vereint. Besucher k\u00f6nnen die ruhigen Tempel von Kyoto, die lebhaften Stra\u00dfen von Tokio und atemberaubende Landschaften wie den Fuji oder den Bambuswald von Arashiyama erkunden. Bekannt f\u00fcr seine herausragende Gastfreundschaft, bietet Japan vielf\u00e4ltige Erlebnisse \u2013 von Sushi-M\u00e4rkten bis hin zu erholsamen Onsen (hei\u00dfen Quellen). Saisonale Highlights wie die Kirschbl\u00fcte im Fr\u00fchling oder die leuchtenden Herbstfarben machen das Land zu einem zeitlosen Reiseziel.\",\"breadcrumb\":{\"@id\":\"https:\/\/www.lifestylehotels.net\/de\/japan\/#breadcrumb\"},\"inLanguage\":\"de\",\"potentialAction\":[{\"@type\":\"ReadAction\",\"target\":[\"https:\/\/www.lifestylehotels.net\/de\/japan\/\"]}]},{\"@type\":\"BreadcrumbList\",\"@id\":\"https:\/\/www.lifestylehotels.net\/de\/japan\/#breadcrumb\",\"itemListElement\":[{\"@type\":\"ListItem\",\"position\":1,\"name\":\"Startseite\",\"item\":\"https:\/\/www.lifestylehotels.net\/de\/\"},{\"@type\":\"ListItem\",\"position\":2,\"name\":\"Japan\"}]},{\"@type\":\"WebSite\",\"@id\":\"https:\/\/www.lifestylehotels.net\/de\/#website\",\"url\":\"https:\/\/www.lifestylehotels.net\/de\/\",\"name\":\"Lifestylehotels\u2122\",\"description\":\"\",\"potentialAction\":[{\"@type\":\"SearchAction\",\"target\":{\"@type\":\"EntryPoint\",\"urlTemplate\":\"https:\/\/www.lifestylehotels.net\/de\/?s={search_term_string}\"},\"query-input\":\"required name=search_term_string\"}],\"inLanguage\":\"de\"}]}<\/script>\n<!-- \/ Yoast SEO plugin. -->","yoast_head_json":{"title":"Japan - Lifestylehotels\u2122","description":"Japan ist ein Land der Kontraste, das alte Traditionen mit moderner Innovation vereint. Besucher k\u00f6nnen die ruhigen Tempel von Kyoto, die lebhaften Stra\u00dfen von Tokio und atemberaubende Landschaften wie den Fuji oder den Bambuswald von Arashiyama erkunden. Bekannt f\u00fcr seine herausragende Gastfreundschaft, bietet Japan vielf\u00e4ltige Erlebnisse \u2013 von Sushi-M\u00e4rkten bis hin zu erholsamen Onsen (hei\u00dfen Quellen). Saisonale Highlights wie die Kirschbl\u00fcte im Fr\u00fchling oder die leuchtenden Herbstfarben machen das Land zu einem zeitlosen Reiseziel.","robots":{"index":"index","follow":"follow","max-snippet":"max-snippet:-1","max-image-preview":"max-image-preview:large","max-video-preview":"max-video-preview:-1"},"canonical":"https:\/\/www.lifestylehotels.net\/de\/japan\/","og_locale":"de_DE","og_type":"article","og_title":"Japan - Lifestylehotels\u2122","og_description":"Japan ist ein Land der Kontraste, das alte Traditionen mit moderner Innovation vereint. Besucher k\u00f6nnen die ruhigen Tempel von Kyoto, die lebhaften Stra\u00dfen von Tokio und atemberaubende Landschaften wie den Fuji oder den Bambuswald von Arashiyama erkunden. Bekannt f\u00fcr seine herausragende Gastfreundschaft, bietet Japan vielf\u00e4ltige Erlebnisse \u2013 von Sushi-M\u00e4rkten bis hin zu erholsamen Onsen (hei\u00dfen Quellen). Saisonale Highlights wie die Kirschbl\u00fcte im Fr\u00fchling oder die leuchtenden Herbstfarben machen das Land zu einem zeitlosen Reiseziel.","og_url":"https:\/\/www.lifestylehotels.net\/de\/japan\/","og_site_name":"Lifestylehotels\u2122","article_modified_time":"2025-01-08T08:20:54+00:00","og_image":[{"width":1000,"height":1500,"url":"https:\/\/www.lifestylehotels.net\/wp-content\/uploads\/2024\/12\/erik-eastman-4HG5hlhmZg8-unsplash-scaled.jpg","type":"image\/jpeg"}],"twitter_card":"summary_large_image","twitter_misc":{"Gesch\u00e4tzte Lesezeit":"2\u00a0Minuten"},"schema":{"@context":"https:\/\/schema.org","@graph":[{"@type":"WebPage","@id":"https:\/\/www.lifestylehotels.net\/de\/japan\/","url":"https:\/\/www.lifestylehotels.net\/de\/japan\/","name":"Japan - Lifestylehotels\u2122","isPartOf":{"@id":"https:\/\/www.lifestylehotels.net\/de\/#website"},"datePublished":"2024-12-16T10:17:29+00:00","dateModified":"2025-01-08T08:20:54+00:00","description":"Japan ist ein Land der Kontraste, das alte Traditionen mit moderner Innovation vereint. Besucher k\u00f6nnen die ruhigen Tempel von Kyoto, die lebhaften Stra\u00dfen von Tokio und atemberaubende Landschaften wie den Fuji oder den Bambuswald von Arashiyama erkunden. Bekannt f\u00fcr seine herausragende Gastfreundschaft, bietet Japan vielf\u00e4ltige Erlebnisse \u2013 von Sushi-M\u00e4rkten bis hin zu erholsamen Onsen (hei\u00dfen Quellen). Saisonale Highlights wie die Kirschbl\u00fcte im Fr\u00fchling oder die leuchtenden Herbstfarben machen das Land zu einem zeitlosen Reiseziel.","breadcrumb":{"@id":"https:\/\/www.lifestylehotels.net\/de\/japan\/#breadcrumb"},"inLanguage":"de","potentialAction":[{"@type":"ReadAction","target":["https:\/\/www.lifestylehotels.net\/de\/japan\/"]}]},{"@type":"BreadcrumbList","@id":"https:\/\/www.lifestylehotels.net\/de\/japan\/#breadcrumb","itemListElement":[{"@type":"ListItem","position":1,"name":"Startseite","item":"https:\/\/www.lifestylehotels.net\/de\/"},{"@type":"ListItem","position":2,"name":"Japan"}]},{"@type":"WebSite","@id":"https:\/\/www.lifestylehotels.net\/de\/#website","url":"https:\/\/www.lifestylehotels.net\/de\/","name":"Lifestylehotels\u2122","description":"","potentialAction":[{"@type":"SearchAction","target":{"@type":"EntryPoint","urlTemplate":"https:\/\/www.lifestylehotels.net\/de\/?s={search_term_string}"},"query-input":"required name=search_term_string"}],"inLanguage":"de"}]}},"jetpack_sharing_enabled":true,"_links":{"self":[{"href":"https:\/\/www.lifestylehotels.net\/de\/wp-json\/wp\/v2\/pages\/916825"}],"collection":[{"href":"https:\/\/www.lifestylehotels.net\/de\/wp-json\/wp\/v2\/pages"}],"about":[{"href":"https:\/\/www.lifestylehotels.net\/de\/wp-json\/wp\/v2\/types\/page"}],"author":[{"embeddable":true,"href":"https:\/\/www.lifestylehotels.net\/de\/wp-json\/wp\/v2\/users\/4"}],"replies":[{"embeddable":true,"href":"https:\/\/www.lifestylehotels.net\/de\/wp-json\/wp\/v2\/comments?post=916825"}],"version-history":[{"count":3,"href":"https:\/\/www.lifestylehotels.net\/de\/wp-json\/wp\/v2\/pages\/916825\/revisions"}],"predecessor-version":[{"id":1013195,"href":"https:\/\/www.lifestylehotels.net\/de\/wp-json\/wp\/v2\/pages\/916825\/revisions\/1013195"}],"wp:featuredmedia":[{"embeddable":true,"href":"https:\/\/www.lifestylehotels.net\/de\/wp-json\/wp\/v2\/media\/916893"}],"wp:attachment":[{"href":"https:\/\/www.lifestylehotels.net\/de\/wp-json\/wp\/v2\/media?parent=916825"}],"curies":[{"name":"wp","href":"https:\/\/api.w.org\/{rel}","templated":true}]}}